{"id":7575,"date":"2025-06-09T12:44:36","date_gmt":"2025-06-09T12:44:36","guid":{"rendered":"https:\/\/montingmontaza.com\/?page_id=7575"},"modified":"2025-06-09T13:22:38","modified_gmt":"2025-06-09T13:22:38","slug":"termoelektrana-hkw-nord-bonn","status":"publish","type":"page","link":"https:\/\/montingmontaza.com\/index.php\/termoelektrana-hkw-nord-bonn\/","title":{"rendered":"Termoelektrana HKW Nord Bonn"},"content":{"rendered":"\t\t<div data-elementor-type=\"wp-page\" data-elementor-id=\"7575\" class=\"elementor elementor-7575\" data-elementor-post-type=\"page\">\n\t\t\t\t<div class=\"elementor-element elementor-element-36e6024 e-flex e-con-boxed e-con e-parent\" data-id=\"36e6024\" data-element_type=\"container\" data-e-type=\"container\">\n\t\t\t\t\t<div class=\"e-con-inner\">\n\t\t\t\t<div class=\"elementor-element elementor-element-d5cc8de elementor-widget elementor-widget-image\" data-id=\"d5cc8de\" data-element_type=\"widget\" data-e-type=\"widget\" data-widget_type=\"image.default\">\n\t\t\t\t<div class=\"elementor-widget-container\">\n\t\t\t\t\t\t\t\t\t\t\t\t\t\t\t<img fetchpriority=\"high\" decoding=\"async\" width=\"1024\" height=\"576\" src=\"https:\/\/montingmontaza.com\/wp-content\/uploads\/2025\/02\/20241107_114458-1024x576.jpg\" class=\"attachment-large size-large wp-image-5519\" alt=\"\" srcset=\"https:\/\/montingmontaza.com\/wp-content\/uploads\/2025\/02\/20241107_114458-1024x576.jpg 1024w, https:\/\/montingmontaza.com\/wp-content\/uploads\/2025\/02\/20241107_114458-300x169.jpg 300w, https:\/\/montingmontaza.com\/wp-content\/uploads\/2025\/02\/20241107_114458-768x432.jpg 768w, https:\/\/montingmontaza.com\/wp-content\/uploads\/2025\/02\/20241107_114458.jpg 1200w\" sizes=\"(max-width: 1024px) 100vw, 1024px\" \/>\t\t\t\t\t\t\t\t\t\t\t\t\t\t\t<\/div>\n\t\t\t\t<\/div>\n\t\t\t\t\t<\/div>\n\t\t\t\t<\/div>\n\t\t\t\t<section class=\"elementor-section elementor-top-section elementor-element elementor-element-d2c2c33 elementor-section-boxed elementor-section-height-default elementor-section-height-default\" data-id=\"d2c2c33\" data-element_type=\"section\" data-e-type=\"section\">\n\t\t\t\t\t\t<div class=\"elementor-container elementor-column-gap-default\">\n\t\t\t\t\t<div class=\"elementor-column elementor-col-100 elementor-top-column elementor-element elementor-element-d30304c\" data-id=\"d30304c\" data-element_type=\"column\" data-e-type=\"column\">\n\t\t\t<div class=\"elementor-widget-wrap elementor-element-populated\">\n\t\t\t\t\t\t<div class=\"elementor-element elementor-element-744304e elementor-widget elementor-widget-spacer\" data-id=\"744304e\" data-element_type=\"widget\" data-e-type=\"widget\" data-widget_type=\"spacer.default\">\n\t\t\t\t<div class=\"elementor-widget-container\">\n\t\t\t\t\t\t\t<div class=\"elementor-spacer\">\n\t\t\t<div class=\"elementor-spacer-inner\"><\/div>\n\t\t<\/div>\n\t\t\t\t\t\t<\/div>\n\t\t\t\t<\/div>\n\t\t\t\t<div class=\"elementor-element elementor-element-865c804 elementor-widget elementor-widget-mae-post-content-title\" data-id=\"865c804\" data-element_type=\"widget\" data-e-type=\"widget\" data-widget_type=\"mae-post-content-title.default\">\n\t\t\t\t<div class=\"elementor-widget-container\">\n\t\t\t\t\t<div class=\"hentry\"><h1 class=\"post-title\">Footer<\/h1><\/div>\t\t\t\t<\/div>\n\t\t\t\t<\/div>\n\t\t\t\t<div class=\"elementor-element elementor-element-d645dc4 elementor-widget elementor-widget-text-editor\" data-id=\"d645dc4\" data-element_type=\"widget\" data-e-type=\"widget\" data-widget_type=\"text-editor.default\">\n\t\t\t\t<div class=\"elementor-widget-container\">\n\t\t\t\t\t\t\t\t\t<p>U procesu realizacije projekta u Termoelektrani HKW Nord Bonn, koji se odnosi na pro\u0161irenje na moderno postrojenje za gasne i parne turbine. Monting Monta\u017ea je radila:<br><span style=\"font-size: 16px; color: var(--e-global-color-congin_text);\">&#8211;&nbsp; izolaciju montazne hale, kancelarijske zgrade i masinske sale;<br><\/span><span style=\"color: var(--e-global-color-congin_text); font-size: 16px;\">&#8211;&nbsp; montazu celicne podkonstrukcije, mineralne vune i sendvic panela kao i trapeznog lima.&nbsp;<\/span><\/p><p><span style=\"font-size: 16px; color: var(--e-global-color-congin_text);\">Realizacijom ovoga projekta pobolj\u0161a\u0107e se efikasnost proizvodnje elektri\u010dne energije, ali i zna\u010dajno&nbsp; smanjiti emisija ugljen-dioksida.&nbsp; &nbsp;&nbsp;<\/span><\/p>\t\t\t\t\t\t\t\t<\/div>\n\t\t\t\t<\/div>\n\t\t\t\t<div class=\"elementor-element elementor-element-f5da714 elementor-widget elementor-widget-spacer\" data-id=\"f5da714\" data-element_type=\"widget\" data-e-type=\"widget\" data-widget_type=\"spacer.default\">\n\t\t\t\t<div class=\"elementor-widget-container\">\n\t\t\t\t\t\t\t<div class=\"elementor-spacer\">\n\t\t\t<div class=\"elementor-spacer-inner\"><\/div>\n\t\t<\/div>\n\t\t\t\t\t\t<\/div>\n\t\t\t\t<\/div>\n\t\t\t\t<div class=\"elementor-element elementor-element-275faa0 elementor-widget elementor-widget-gallery\" data-id=\"275faa0\" data-element_type=\"widget\" data-e-type=\"widget\" data-settings=\"{&quot;lazyload&quot;:&quot;yes&quot;,&quot;gallery_layout&quot;:&quot;grid&quot;,&quot;columns&quot;:4,&quot;columns_tablet&quot;:2,&quot;columns_mobile&quot;:1,&quot;gap&quot;:{&quot;unit&quot;:&quot;px&quot;,&quot;size&quot;:10,&quot;sizes&quot;:[]},&quot;gap_tablet&quot;:{&quot;unit&quot;:&quot;px&quot;,&quot;size&quot;:10,&quot;sizes&quot;:[]},&quot;gap_mobile&quot;:{&quot;unit&quot;:&quot;px&quot;,&quot;size&quot;:10,&quot;sizes&quot;:[]},&quot;link_to&quot;:&quot;file&quot;,&quot;aspect_ratio&quot;:&quot;3:2&quot;,&quot;overlay_background&quot;:&quot;yes&quot;,&quot;content_hover_animation&quot;:&quot;fade-in&quot;}\" data-widget_type=\"gallery.default\">\n\t\t\t\t<div class=\"elementor-widget-container\">\n\t\t\t\t\t\t\t<div class=\"elementor-gallery__container\">\n\t\t\t\t\t\t\t<a class=\"e-gallery-item elementor-gallery-item elementor-animated-content\" href=\"https:\/\/montingmontaza.com\/wp-content\/uploads\/2025\/02\/gkwhdwjfia.jpg\">\n\t\t\t\t\t<div class=\"e-gallery-image elementor-gallery-item__image\" data-thumbnail=\"https:\/\/montingmontaza.com\/wp-content\/uploads\/2025\/02\/gkwhdwjfia-300x169.jpg\" data-width=\"300\" data-height=\"169\" aria-label=\"\" role=\"img\" ><\/div>\n\t\t\t\t\t\t\t\t\t\t\t<div class=\"elementor-gallery-item__overlay\"><\/div>\n\t\t\t\t\t\t\t\t\t\t\t\t\t\t<\/a>\n\t\t\t\t\t\t\t<a class=\"e-gallery-item elementor-gallery-item elementor-animated-content\" href=\"https:\/\/montingmontaza.com\/wp-content\/uploads\/2025\/02\/1-1.webp\">\n\t\t\t\t\t<div class=\"e-gallery-image elementor-gallery-item__image\" data-thumbnail=\"https:\/\/montingmontaza.com\/wp-content\/uploads\/2025\/02\/1-1-169x300.webp\" data-width=\"169\" data-height=\"300\" aria-label=\"\" role=\"img\" ><\/div>\n\t\t\t\t\t\t\t\t\t\t\t<div class=\"elementor-gallery-item__overlay\"><\/div>\n\t\t\t\t\t\t\t\t\t\t\t\t\t\t<\/a>\n\t\t\t\t\t\t\t<a class=\"e-gallery-item elementor-gallery-item elementor-animated-content\" href=\"https:\/\/montingmontaza.com\/wp-content\/uploads\/2025\/02\/2-1.webp\">\n\t\t\t\t\t<div class=\"e-gallery-image elementor-gallery-item__image\" data-thumbnail=\"https:\/\/montingmontaza.com\/wp-content\/uploads\/2025\/02\/2-1-169x300.webp\" data-width=\"169\" data-height=\"300\" aria-label=\"\" role=\"img\" ><\/div>\n\t\t\t\t\t\t\t\t\t\t\t<div class=\"elementor-gallery-item__overlay\"><\/div>\n\t\t\t\t\t\t\t\t\t\t\t\t\t\t<\/a>\n\t\t\t\t\t\t\t<a class=\"e-gallery-item elementor-gallery-item elementor-animated-content\" href=\"https:\/\/montingmontaza.com\/wp-content\/uploads\/2025\/02\/3-1-2.webp\">\n\t\t\t\t\t<div class=\"e-gallery-image elementor-gallery-item__image\" data-thumbnail=\"https:\/\/montingmontaza.com\/wp-content\/uploads\/2025\/02\/3-1-2-169x300.webp\" data-width=\"169\" data-height=\"300\" aria-label=\"\" role=\"img\" ><\/div>\n\t\t\t\t\t\t\t\t\t\t\t<div class=\"elementor-gallery-item__overlay\"><\/div>\n\t\t\t\t\t\t\t\t\t\t\t\t\t\t<\/a>\n\t\t\t\t\t\t\t<a class=\"e-gallery-item elementor-gallery-item elementor-animated-content\" href=\"https:\/\/montingmontaza.com\/wp-content\/uploads\/2025\/02\/4-2.jpg\">\n\t\t\t\t\t<div class=\"e-gallery-image elementor-gallery-item__image\" data-thumbnail=\"https:\/\/montingmontaza.com\/wp-content\/uploads\/2025\/02\/4-2-300x169.jpg\" data-width=\"300\" data-height=\"169\" aria-label=\"\" role=\"img\" ><\/div>\n\t\t\t\t\t\t\t\t\t\t\t<div class=\"elementor-gallery-item__overlay\"><\/div>\n\t\t\t\t\t\t\t\t\t\t\t\t\t\t<\/a>\n\t\t\t\t\t\t\t<a class=\"e-gallery-item elementor-gallery-item elementor-animated-content\" href=\"https:\/\/montingmontaza.com\/wp-content\/uploads\/2025\/02\/4a.jpg\">\n\t\t\t\t\t<div class=\"e-gallery-image elementor-gallery-item__image\" data-thumbnail=\"https:\/\/montingmontaza.com\/wp-content\/uploads\/2025\/02\/4a-300x135.jpg\" data-width=\"300\" data-height=\"135\" aria-label=\"\" role=\"img\" ><\/div>\n\t\t\t\t\t\t\t\t\t\t\t<div class=\"elementor-gallery-item__overlay\"><\/div>\n\t\t\t\t\t\t\t\t\t\t\t\t\t\t<\/a>\n\t\t\t\t\t\t\t<a class=\"e-gallery-item elementor-gallery-item elementor-animated-content\" href=\"https:\/\/montingmontaza.com\/wp-content\/uploads\/2025\/02\/5-2.jpg\">\n\t\t\t\t\t<div class=\"e-gallery-image elementor-gallery-item__image\" data-thumbnail=\"https:\/\/montingmontaza.com\/wp-content\/uploads\/2025\/02\/5-2-300x169.jpg\" data-width=\"300\" data-height=\"169\" aria-label=\"\" role=\"img\" ><\/div>\n\t\t\t\t\t\t\t\t\t\t\t<div class=\"elementor-gallery-item__overlay\"><\/div>\n\t\t\t\t\t\t\t\t\t\t\t\t\t\t<\/a>\n\t\t\t\t\t\t\t<a class=\"e-gallery-item elementor-gallery-item elementor-animated-content\" href=\"https:\/\/montingmontaza.com\/wp-content\/uploads\/2025\/02\/6-1.jpg\">\n\t\t\t\t\t<div class=\"e-gallery-image elementor-gallery-item__image\" data-thumbnail=\"https:\/\/montingmontaza.com\/wp-content\/uploads\/2025\/02\/6-1-300x169.jpg\" data-width=\"300\" data-height=\"169\" aria-label=\"\" role=\"img\" ><\/div>\n\t\t\t\t\t\t\t\t\t\t\t<div class=\"elementor-gallery-item__overlay\"><\/div>\n\t\t\t\t\t\t\t\t\t\t\t\t\t\t<\/a>\n\t\t\t\t\t\t\t<a class=\"e-gallery-item elementor-gallery-item elementor-animated-content\" href=\"https:\/\/montingmontaza.com\/wp-content\/uploads\/2025\/02\/20241020_104738.webp\">\n\t\t\t\t\t<div class=\"e-gallery-image elementor-gallery-item__image\" data-thumbnail=\"https:\/\/montingmontaza.com\/wp-content\/uploads\/2025\/02\/20241020_104738-300x225.webp\" data-width=\"300\" data-height=\"225\" aria-label=\"\" role=\"img\" ><\/div>\n\t\t\t\t\t\t\t\t\t\t\t<div class=\"elementor-gallery-item__overlay\"><\/div>\n\t\t\t\t\t\t\t\t\t\t\t\t\t\t<\/a>\n\t\t\t\t\t\t\t<a class=\"e-gallery-item elementor-gallery-item elementor-animated-content\" href=\"https:\/\/montingmontaza.com\/wp-content\/uploads\/2025\/02\/20241107_114220.jpg\">\n\t\t\t\t\t<div class=\"e-gallery-image elementor-gallery-item__image\" data-thumbnail=\"https:\/\/montingmontaza.com\/wp-content\/uploads\/2025\/02\/20241107_114220-169x300.jpg\" data-width=\"169\" data-height=\"300\" aria-label=\"\" role=\"img\" ><\/div>\n\t\t\t\t\t\t\t\t\t\t\t<div class=\"elementor-gallery-item__overlay\"><\/div>\n\t\t\t\t\t\t\t\t\t\t\t\t\t\t<\/a>\n\t\t\t\t\t\t\t<a class=\"e-gallery-item elementor-gallery-item elementor-animated-content\" href=\"https:\/\/montingmontaza.com\/wp-content\/uploads\/2025\/02\/20241107_114347.jpg\">\n\t\t\t\t\t<div class=\"e-gallery-image elementor-gallery-item__image\" data-thumbnail=\"https:\/\/montingmontaza.com\/wp-content\/uploads\/2025\/02\/20241107_114347-300x169.jpg\" data-width=\"300\" data-height=\"169\" aria-label=\"\" role=\"img\" ><\/div>\n\t\t\t\t\t\t\t\t\t\t\t<div class=\"elementor-gallery-item__overlay\"><\/div>\n\t\t\t\t\t\t\t\t\t\t\t\t\t\t<\/a>\n\t\t\t\t\t\t\t<a class=\"e-gallery-item elementor-gallery-item elementor-animated-content\" href=\"https:\/\/montingmontaza.com\/wp-content\/uploads\/2025\/02\/20241107_114458.jpg\">\n\t\t\t\t\t<div class=\"e-gallery-image elementor-gallery-item__image\" data-thumbnail=\"https:\/\/montingmontaza.com\/wp-content\/uploads\/2025\/02\/20241107_114458-300x169.jpg\" data-width=\"300\" data-height=\"169\" aria-label=\"\" role=\"img\" ><\/div>\n\t\t\t\t\t\t\t\t\t\t\t<div class=\"elementor-gallery-item__overlay\"><\/div>\n\t\t\t\t\t\t\t\t\t\t\t\t\t\t<\/a>\n\t\t\t\t\t<\/div>\n\t\t\t\t\t<\/div>\n\t\t\t\t<\/div>\n\t\t\t\t<div class=\"elementor-element elementor-element-979dd68 elementor-widget elementor-widget-spacer\" data-id=\"979dd68\" data-element_type=\"widget\" data-e-type=\"widget\" data-widget_type=\"spacer.default\">\n\t\t\t\t<div class=\"elementor-widget-container\">\n\t\t\t\t\t\t\t<div class=\"elementor-spacer\">\n\t\t\t<div class=\"elementor-spacer-inner\"><\/div>\n\t\t<\/div>\n\t\t\t\t\t\t<\/div>\n\t\t\t\t<\/div>\n\t\t\t\t\t<\/div>\n\t\t<\/div>\n\t\t\t\t\t<\/div>\n\t\t<\/section>\n\t\t\t\t<\/div>\n\t\t\n    <div class=\"xs_social_share_widget xs_share_url after_content \t\tmain_content  wslu-style-1 wslu-share-box-shaped wslu-fill-colored wslu-none wslu-share-horizontal wslu-theme-font-no wslu-main_content\">\n\n\t\t\n        <ul>\n\t\t\t        <\/ul>\n    <\/div> \n","protected":false},"excerpt":{"rendered":"<p>Novi silos za skladi\u0161tenje \u0161e\u0107era &#8211; Nordstemmen Silo 5 U procesu realizacije projekta u Termoelektrani HKW Nord Bonn, koji se odnosi na pro\u0161irenje na moderno postrojenje za gasne i parne turbine. Monting Monta\u017ea je radila:&#8211;&nbsp; izolaciju montazne hale, kancelarijske zgrade i masinske sale;&#8211;&nbsp; montazu celicne podkonstrukcije, mineralne vune i sendvic<\/p>\n","protected":false},"author":1,"featured_media":5519,"parent":0,"menu_order":0,"comment_status":"closed","ping_status":"closed","template":"","meta":{"footnotes":""},"class_list":["post-7575","page","type-page","status-publish","has-post-thumbnail","hentry"],"_links":{"self":[{"href":"https:\/\/montingmontaza.com\/index.php\/wp-json\/wp\/v2\/pages\/7575","targetHints":{"allow":["GET"]}}],"collection":[{"href":"https:\/\/montingmontaza.com\/index.php\/wp-json\/wp\/v2\/pages"}],"about":[{"href":"https:\/\/montingmontaza.com\/index.php\/wp-json\/wp\/v2\/types\/page"}],"author":[{"embeddable":true,"href":"https:\/\/montingmontaza.com\/index.php\/wp-json\/wp\/v2\/users\/1"}],"replies":[{"embeddable":true,"href":"https:\/\/montingmontaza.com\/index.php\/wp-json\/wp\/v2\/comments?post=7575"}],"version-history":[{"count":7,"href":"https:\/\/montingmontaza.com\/index.php\/wp-json\/wp\/v2\/pages\/7575\/revisions"}],"predecessor-version":[{"id":7629,"href":"https:\/\/montingmontaza.com\/index.php\/wp-json\/wp\/v2\/pages\/7575\/revisions\/7629"}],"wp:featuredmedia":[{"embeddable":true,"href":"https:\/\/montingmontaza.com\/index.php\/wp-json\/wp\/v2\/media\/5519"}],"wp:attachment":[{"href":"https:\/\/montingmontaza.com\/index.php\/wp-json\/wp\/v2\/media?parent=7575"}],"curies":[{"name":"wp","href":"https:\/\/api.w.org\/{rel}","templated":true}]}}