{"id":7483,"date":"2025-06-06T14:11:00","date_gmt":"2025-06-06T14:11:00","guid":{"rendered":"https:\/\/montingmontaza.com\/?page_id=7483"},"modified":"2025-06-09T13:23:46","modified_gmt":"2025-06-09T13:23:46","slug":"ugranja-upravljacke-baterija-ub1-alumina-zvornik","status":"publish","type":"page","link":"https:\/\/montingmontaza.com\/index.php\/ugranja-upravljacke-baterija-ub1-alumina-zvornik\/","title":{"rendered":"Ugranja upravlja\u010dke baterija UB1 &#8211; Alumina Zvornik"},"content":{"rendered":"\t\t<div data-elementor-type=\"wp-page\" data-elementor-id=\"7483\" class=\"elementor elementor-7483\" data-elementor-post-type=\"page\">\n\t\t\t\t<div class=\"elementor-element elementor-element-c96942f e-flex e-con-boxed e-con e-parent\" data-id=\"c96942f\" data-element_type=\"container\" data-e-type=\"container\">\n\t\t\t\t\t<div class=\"e-con-inner\">\n\t\t\t\t<div class=\"elementor-element elementor-element-d799b94 elementor-widget elementor-widget-image\" data-id=\"d799b94\" data-element_type=\"widget\" data-e-type=\"widget\" data-widget_type=\"image.default\">\n\t\t\t\t<div class=\"elementor-widget-container\">\n\t\t\t\t\t\t\t\t\t\t\t\t\t\t\t<img fetchpriority=\"high\" decoding=\"async\" width=\"1024\" height=\"576\" src=\"https:\/\/montingmontaza.com\/wp-content\/uploads\/2025\/02\/4-1-1024x576.webp\" class=\"attachment-large size-large wp-image-5409\" alt=\"\" srcset=\"https:\/\/montingmontaza.com\/wp-content\/uploads\/2025\/02\/4-1-1024x576.webp 1024w, https:\/\/montingmontaza.com\/wp-content\/uploads\/2025\/02\/4-1-300x169.webp 300w, https:\/\/montingmontaza.com\/wp-content\/uploads\/2025\/02\/4-1-768x432.webp 768w, https:\/\/montingmontaza.com\/wp-content\/uploads\/2025\/02\/4-1.webp 1200w\" sizes=\"(max-width: 1024px) 100vw, 1024px\" \/>\t\t\t\t\t\t\t\t\t\t\t\t\t\t\t<\/div>\n\t\t\t\t<\/div>\n\t\t\t\t\t<\/div>\n\t\t\t\t<\/div>\n\t\t<div class=\"elementor-element elementor-element-e247061 e-flex e-con-boxed e-con e-parent\" data-id=\"e247061\" data-element_type=\"container\" data-e-type=\"container\">\n\t\t\t\t\t<div class=\"e-con-inner\">\n\t\t\t\t<div class=\"elementor-element elementor-element-868916d elementor-widget elementor-widget-heading\" data-id=\"868916d\" data-element_type=\"widget\" data-e-type=\"widget\" data-widget_type=\"heading.default\">\n\t\t\t\t<div class=\"elementor-widget-container\">\n\t\t\t\t\t<h2 class=\"elementor-heading-title elementor-size-default\">Ugranja upravlja\u010dke baterija UB1 - Alumina Zvornik<\/h2>\t\t\t\t<\/div>\n\t\t\t\t<\/div>\n\t\t\t\t<div class=\"elementor-element elementor-element-945ac6d elementor-widget elementor-widget-text-editor\" data-id=\"945ac6d\" data-element_type=\"widget\" data-e-type=\"widget\" data-widget_type=\"text-editor.default\">\n\t\t\t\t<div class=\"elementor-widget-container\">\n\t\t\t\t\t\t\t\t\t<p>Za potrebe kompanije\u201eAlumina\u201c iz Zvornika Monting Monta\u017ea je u\u010destvovala u\u00a0 realizaciji projekta ugradnje nove upariva\u010dke baterije, koju je proizveo francuski proizvo\u0111a\u010d \u201eKestner\u201c.<\/p><p>Radovi koje smo mi izveli odnose se na rekonstrukciju I dogradnju postoje\u0107eg proizvodnog objekta u odjeljenju za uparavanje (Objekat br. 17) kako bi se integrisala nova \u201eKestner\u201c upariva\u010dka baterija UB1.<\/p><p>Dno obrasca<br \/><strong style=\"font-size: 16px; color: var(--e-global-color-congin_text);\">Detalji o projektu<\/strong><span style=\"font-size: 16px; color: var(--e-global-color-congin_text);\">:<br \/><\/span><span style=\"font-size: 16px; color: var(--e-global-color-congin_text);\">Tehni\u010dke specifikacije:<\/span><\/p><ul><li><span style=\"font-size: 16px; color: var(--e-global-color-congin_text);\">Materijali koji su kori\u0161\u0107eni uklju\u010duju toplovaljane profile, HOP-ove (hala-ovojene profile), limove i \u0161ipke.<\/span><\/li><li><span style=\"font-size: 16px; color: var(--e-global-color-congin_text);\">Deo sklopova je proizveden u radionici, zatim su spojeni zavarima i transportovani na gradili\u0161te, dok su ostali sklopovi montirani direktno na terenu, koriste\u0107i vij\u010dane spojeve i spojne plo\u010de.<\/span><\/li><\/ul><p>Obim rada:<\/p><ul><li>Prera\u0111eni \u010delik: oko 150 tona<\/li><li>Visina objekta: +26,50 m<\/li><li>Platforme: U okviru projekta izgra\u0111ene su osam platformi na razli\u010ditim visinama koje omogu\u0107avaju lak\u0161i pristup za odr\u017eavanje I radne procese.<\/li><\/ul>\t\t\t\t\t\t\t\t<\/div>\n\t\t\t\t<\/div>\n\t\t\t\t\t<\/div>\n\t\t\t\t<\/div>\n\t\t<div class=\"elementor-element elementor-element-b6cefa7 e-flex e-con-boxed e-con e-parent\" data-id=\"b6cefa7\" data-element_type=\"container\" data-e-type=\"container\">\n\t\t\t\t\t<div class=\"e-con-inner\">\n\t\t\t\t<div class=\"elementor-element elementor-element-3dd6b73 elementor-widget elementor-widget-gallery\" data-id=\"3dd6b73\" data-element_type=\"widget\" data-e-type=\"widget\" data-settings=\"{&quot;lazyload&quot;:&quot;yes&quot;,&quot;gallery_layout&quot;:&quot;grid&quot;,&quot;columns&quot;:4,&quot;columns_tablet&quot;:2,&quot;columns_mobile&quot;:1,&quot;gap&quot;:{&quot;unit&quot;:&quot;px&quot;,&quot;size&quot;:10,&quot;sizes&quot;:[]},&quot;gap_tablet&quot;:{&quot;unit&quot;:&quot;px&quot;,&quot;size&quot;:10,&quot;sizes&quot;:[]},&quot;gap_mobile&quot;:{&quot;unit&quot;:&quot;px&quot;,&quot;size&quot;:10,&quot;sizes&quot;:[]},&quot;link_to&quot;:&quot;file&quot;,&quot;aspect_ratio&quot;:&quot;3:2&quot;,&quot;overlay_background&quot;:&quot;yes&quot;,&quot;content_hover_animation&quot;:&quot;fade-in&quot;}\" data-widget_type=\"gallery.default\">\n\t\t\t\t<div class=\"elementor-widget-container\">\n\t\t\t\t\t\t\t<div class=\"elementor-gallery__container\">\n\t\t\t\t\t\t\t<a class=\"e-gallery-item elementor-gallery-item elementor-animated-content\" href=\"https:\/\/montingmontaza.com\/wp-content\/uploads\/2023\/05\/20211222_095028.webp\">\n\t\t\t\t\t<div class=\"e-gallery-image elementor-gallery-item__image\" data-thumbnail=\"https:\/\/montingmontaza.com\/wp-content\/uploads\/2023\/05\/20211222_095028-225x300.webp\" data-width=\"225\" data-height=\"300\" aria-label=\"\" role=\"img\" ><\/div>\n\t\t\t\t\t\t\t\t\t\t\t<div class=\"elementor-gallery-item__overlay\"><\/div>\n\t\t\t\t\t\t\t\t\t\t\t\t\t\t<\/a>\n\t\t\t\t\t\t\t<a class=\"e-gallery-item elementor-gallery-item elementor-animated-content\" href=\"https:\/\/montingmontaza.com\/wp-content\/uploads\/2023\/05\/20211227_082801.webp\">\n\t\t\t\t\t<div class=\"e-gallery-image elementor-gallery-item__image\" data-thumbnail=\"https:\/\/montingmontaza.com\/wp-content\/uploads\/2023\/05\/20211227_082801-300x142.webp\" data-width=\"300\" data-height=\"142\" aria-label=\"\" role=\"img\" ><\/div>\n\t\t\t\t\t\t\t\t\t\t\t<div class=\"elementor-gallery-item__overlay\"><\/div>\n\t\t\t\t\t\t\t\t\t\t\t\t\t\t<\/a>\n\t\t\t\t\t\t\t<a class=\"e-gallery-item elementor-gallery-item elementor-animated-content\" href=\"https:\/\/montingmontaza.com\/wp-content\/uploads\/2023\/05\/20220202_082732-2.jpg\">\n\t\t\t\t\t<div class=\"e-gallery-image elementor-gallery-item__image\" data-thumbnail=\"https:\/\/montingmontaza.com\/wp-content\/uploads\/2023\/05\/20220202_082732-2-300x142.jpg\" data-width=\"300\" data-height=\"142\" aria-label=\"\" role=\"img\" ><\/div>\n\t\t\t\t\t\t\t\t\t\t\t<div class=\"elementor-gallery-item__overlay\"><\/div>\n\t\t\t\t\t\t\t\t\t\t\t\t\t\t<\/a>\n\t\t\t\t\t\t\t<a class=\"e-gallery-item elementor-gallery-item elementor-animated-content\" href=\"https:\/\/montingmontaza.com\/wp-content\/uploads\/2023\/05\/20220202_084036.webp\">\n\t\t\t\t\t<div class=\"e-gallery-image elementor-gallery-item__image\" data-thumbnail=\"https:\/\/montingmontaza.com\/wp-content\/uploads\/2023\/05\/20220202_084036-300x142.webp\" data-width=\"300\" data-height=\"142\" aria-label=\"\" role=\"img\" ><\/div>\n\t\t\t\t\t\t\t\t\t\t\t<div class=\"elementor-gallery-item__overlay\"><\/div>\n\t\t\t\t\t\t\t\t\t\t\t\t\t\t<\/a>\n\t\t\t\t\t\t\t<a class=\"e-gallery-item elementor-gallery-item elementor-animated-content\" href=\"https:\/\/montingmontaza.com\/wp-content\/uploads\/2023\/05\/20220308_094134.webp\">\n\t\t\t\t\t<div class=\"e-gallery-image elementor-gallery-item__image\" data-thumbnail=\"https:\/\/montingmontaza.com\/wp-content\/uploads\/2023\/05\/20220308_094134-225x300.webp\" data-width=\"225\" data-height=\"300\" aria-label=\"\" role=\"img\" ><\/div>\n\t\t\t\t\t\t\t\t\t\t\t<div class=\"elementor-gallery-item__overlay\"><\/div>\n\t\t\t\t\t\t\t\t\t\t\t\t\t\t<\/a>\n\t\t\t\t\t\t\t<a class=\"e-gallery-item elementor-gallery-item elementor-animated-content\" href=\"https:\/\/montingmontaza.com\/wp-content\/uploads\/2023\/05\/20220308_094147.webp\">\n\t\t\t\t\t<div class=\"e-gallery-image elementor-gallery-item__image\" data-thumbnail=\"https:\/\/montingmontaza.com\/wp-content\/uploads\/2023\/05\/20220308_094147-225x300.webp\" data-width=\"225\" data-height=\"300\" aria-label=\"\" role=\"img\" ><\/div>\n\t\t\t\t\t\t\t\t\t\t\t<div class=\"elementor-gallery-item__overlay\"><\/div>\n\t\t\t\t\t\t\t\t\t\t\t\t\t\t<\/a>\n\t\t\t\t\t\t\t<a class=\"e-gallery-item elementor-gallery-item elementor-animated-content\" href=\"https:\/\/montingmontaza.com\/wp-content\/uploads\/2023\/05\/20211101_141840-1.webp\">\n\t\t\t\t\t<div class=\"e-gallery-image elementor-gallery-item__image\" data-thumbnail=\"https:\/\/montingmontaza.com\/wp-content\/uploads\/2023\/05\/20211101_141840-1-225x300.webp\" data-width=\"225\" data-height=\"300\" aria-label=\"\" role=\"img\" ><\/div>\n\t\t\t\t\t\t\t\t\t\t\t<div class=\"elementor-gallery-item__overlay\"><\/div>\n\t\t\t\t\t\t\t\t\t\t\t\t\t\t<\/a>\n\t\t\t\t\t\t\t<a class=\"e-gallery-item elementor-gallery-item elementor-animated-content\" href=\"https:\/\/montingmontaza.com\/wp-content\/uploads\/2023\/05\/Kestner-baterija-e1730478398918.webp\">\n\t\t\t\t\t<div class=\"e-gallery-image elementor-gallery-item__image\" data-thumbnail=\"https:\/\/montingmontaza.com\/wp-content\/uploads\/2023\/05\/Kestner-baterija-e1730478398918-281x300.webp\" data-width=\"281\" data-height=\"300\" aria-label=\"\" role=\"img\" ><\/div>\n\t\t\t\t\t\t\t\t\t\t\t<div class=\"elementor-gallery-item__overlay\"><\/div>\n\t\t\t\t\t\t\t\t\t\t\t\t\t\t<\/a>\n\t\t\t\t\t\t\t<a class=\"e-gallery-item elementor-gallery-item elementor-animated-content\" href=\"https:\/\/montingmontaza.com\/wp-content\/uploads\/2023\/05\/20220314_085048.webp\">\n\t\t\t\t\t<div class=\"e-gallery-image elementor-gallery-item__image\" data-thumbnail=\"https:\/\/montingmontaza.com\/wp-content\/uploads\/2023\/05\/20220314_085048-300x142.webp\" data-width=\"300\" data-height=\"142\" aria-label=\"\" role=\"img\" ><\/div>\n\t\t\t\t\t\t\t\t\t\t\t<div class=\"elementor-gallery-item__overlay\"><\/div>\n\t\t\t\t\t\t\t\t\t\t\t\t\t\t<\/a>\n\t\t\t\t\t\t\t<a class=\"e-gallery-item elementor-gallery-item elementor-animated-content\" href=\"https:\/\/montingmontaza.com\/wp-content\/uploads\/2025\/02\/4-1.webp\">\n\t\t\t\t\t<div class=\"e-gallery-image elementor-gallery-item__image\" data-thumbnail=\"https:\/\/montingmontaza.com\/wp-content\/uploads\/2025\/02\/4-1-300x169.webp\" data-width=\"300\" data-height=\"169\" aria-label=\"\" role=\"img\" ><\/div>\n\t\t\t\t\t\t\t\t\t\t\t<div class=\"elementor-gallery-item__overlay\"><\/div>\n\t\t\t\t\t\t\t\t\t\t\t\t\t\t<\/a>\n\t\t\t\t\t<\/div>\n\t\t\t\t\t<\/div>\n\t\t\t\t<\/div>\n\t\t\t\t\t<\/div>\n\t\t\t\t<\/div>\n\t\t\t\t<\/div>\n\t\t\n    <div class=\"xs_social_share_widget xs_share_url after_content \t\tmain_content  wslu-style-1 wslu-share-box-shaped wslu-fill-colored wslu-none wslu-share-horizontal wslu-theme-font-no wslu-main_content\">\n\n\t\t\n        <ul>\n\t\t\t        <\/ul>\n    <\/div> \n","protected":false},"excerpt":{"rendered":"<p>Ugranja upravlja\u010dke baterija UB1 &#8211; Alumina Zvornik Za potrebe kompanije\u201eAlumina\u201c iz Zvornika Monting Monta\u017ea je u\u010destvovala u\u00a0 realizaciji projekta ugradnje nove upariva\u010dke baterije, koju je proizveo francuski proizvo\u0111a\u010d \u201eKestner\u201c. Radovi koje smo mi izveli odnose se na rekonstrukciju I dogradnju postoje\u0107eg proizvodnog objekta u odjeljenju za uparavanje (Objekat br. 17)<\/p>\n","protected":false},"author":1,"featured_media":6563,"parent":0,"menu_order":0,"comment_status":"closed","ping_status":"closed","template":"","meta":{"footnotes":""},"class_list":["post-7483","page","type-page","status-publish","has-post-thumbnail","hentry"],"_links":{"self":[{"href":"https:\/\/montingmontaza.com\/index.php\/wp-json\/wp\/v2\/pages\/7483","targetHints":{"allow":["GET"]}}],"collection":[{"href":"https:\/\/montingmontaza.com\/index.php\/wp-json\/wp\/v2\/pages"}],"about":[{"href":"https:\/\/montingmontaza.com\/index.php\/wp-json\/wp\/v2\/types\/page"}],"author":[{"embeddable":true,"href":"https:\/\/montingmontaza.com\/index.php\/wp-json\/wp\/v2\/users\/1"}],"replies":[{"embeddable":true,"href":"https:\/\/montingmontaza.com\/index.php\/wp-json\/wp\/v2\/comments?post=7483"}],"version-history":[{"count":14,"href":"https:\/\/montingmontaza.com\/index.php\/wp-json\/wp\/v2\/pages\/7483\/revisions"}],"predecessor-version":[{"id":7634,"href":"https:\/\/montingmontaza.com\/index.php\/wp-json\/wp\/v2\/pages\/7483\/revisions\/7634"}],"wp:featuredmedia":[{"embeddable":true,"href":"https:\/\/montingmontaza.com\/index.php\/wp-json\/wp\/v2\/media\/6563"}],"wp:attachment":[{"href":"https:\/\/montingmontaza.com\/index.php\/wp-json\/wp\/v2\/media?parent=7483"}],"curies":[{"name":"wp","href":"https:\/\/api.w.org\/{rel}","templated":true}]}}