{"id":6090,"date":"2025-05-20T22:01:03","date_gmt":"2025-05-20T22:01:03","guid":{"rendered":"https:\/\/montingmontaza.com\/?page_id=6090"},"modified":"2026-03-24T13:12:44","modified_gmt":"2026-03-24T13:12:44","slug":"novosti","status":"publish","type":"page","link":"https:\/\/montingmontaza.com\/index.php\/novosti\/","title":{"rendered":"Novosti"},"content":{"rendered":"\t\t<div data-elementor-type=\"wp-page\" data-elementor-id=\"6090\" class=\"elementor elementor-6090\" data-elementor-post-type=\"page\">\n\t\t\t\t<div class=\"elementor-element elementor-element-d5cd07e e-flex e-con-boxed e-con e-parent\" data-id=\"d5cd07e\" data-element_type=\"container\" data-e-type=\"container\" data-settings=\"{&quot;background_background&quot;:&quot;classic&quot;}\">\n\t\t\t\t\t<div class=\"e-con-inner\">\n\t\t\t\t<div class=\"elementor-element elementor-element-ffa0375 elementor-widget elementor-widget-heading\" data-id=\"ffa0375\" data-element_type=\"widget\" data-e-type=\"widget\" data-widget_type=\"heading.default\">\n\t\t\t\t<div class=\"elementor-widget-container\">\n\t\t\t\t\t<h2 class=\"elementor-heading-title elementor-size-default\">Novosti<\/h2>\t\t\t\t<\/div>\n\t\t\t\t<\/div>\n\t\t\t\t\t<\/div>\n\t\t\t\t<\/div>\n\t\t<div class=\"elementor-element elementor-element-21b4ab9 e-flex e-con-boxed e-con e-parent\" data-id=\"21b4ab9\" data-element_type=\"container\" data-e-type=\"container\">\n\t\t\t\t\t<div class=\"e-con-inner\">\n\t\t\t\t<div class=\"elementor-element elementor-element-10edf61 elementor-grid-3 elementor-grid-tablet-2 elementor-grid-mobile-1 elementor-widget elementor-widget-loop-grid\" data-id=\"10edf61\" data-element_type=\"widget\" data-e-type=\"widget\" data-settings=\"{&quot;template_id&quot;:6092,&quot;_skin&quot;:&quot;post&quot;,&quot;columns&quot;:&quot;3&quot;,&quot;columns_tablet&quot;:&quot;2&quot;,&quot;columns_mobile&quot;:&quot;1&quot;,&quot;edit_handle_selector&quot;:&quot;[data-elementor-type=\\&quot;loop-item\\&quot;]&quot;,&quot;row_gap&quot;:{&quot;unit&quot;:&quot;px&quot;,&quot;size&quot;:&quot;&quot;,&quot;sizes&quot;:[]},&quot;row_gap_tablet&quot;:{&quot;unit&quot;:&quot;px&quot;,&quot;size&quot;:&quot;&quot;,&quot;sizes&quot;:[]},&quot;row_gap_mobile&quot;:{&quot;unit&quot;:&quot;px&quot;,&quot;size&quot;:&quot;&quot;,&quot;sizes&quot;:[]}}\" data-widget_type=\"loop-grid.post\">\n\t\t\t\t<div class=\"elementor-widget-container\">\n\t\t\t\t\t\t\t<div class=\"elementor-loop-container elementor-grid\">\n\t\t<style id=\"loop-dynamic-6092\">.e-loop-item-8036 .elementor-element.elementor-element-62ab06e:not(.elementor-motion-effects-element-type-background), .e-loop-item-8036 .elementor-element.elementor-element-62ab06e > .elementor-motion-effects-container > .elementor-motion-effects-layer{background-image:url(\"https:\/\/montingmontaza.com\/wp-content\/uploads\/2026\/03\/Izmijenjena-naslovna-SLIKA.jpg\");}<\/style><style id=\"loop-6092\">.elementor-6092 .elementor-element.elementor-element-5a5016f{--display:flex;--flex-direction:column;--container-widget-width:100%;--container-widget-height:initial;--container-widget-flex-grow:0;--container-widget-align-self:initial;--flex-wrap-mobile:wrap;}.elementor-6092 .elementor-element.elementor-element-62ab06e{--display:flex;--min-height:290px;}.elementor-6092 .elementor-element.elementor-element-62ab06e:not(.elementor-motion-effects-element-type-background), .elementor-6092 .elementor-element.elementor-element-62ab06e > .elementor-motion-effects-container > .elementor-motion-effects-layer{background-position:center center;background-repeat:no-repeat;background-size:cover;}.elementor-6092 .elementor-element.elementor-element-0edf18f{--display:flex;}.elementor-6092 .elementor-element.elementor-element-e57518e .elementor-heading-title{font-family:\"Roboto\", Sans-serif;font-size:20px;font-weight:700;text-transform:uppercase;line-height:22px;}\/* Start custom CSS for container, class: .elementor-element-62ab06e *\/.elementor-6092 .elementor-element.elementor-element-62ab06e,\n.elementor-6092 .elementor-element.elementor-element-62ab06e > .elementor-widget-wrap,\n.elementor-6092 .elementor-element.elementor-element-62ab06e > .elementor-container {\n  min-height: 310px !important;\n}\n\n.elementor-6092 .elementor-element.elementor-element-62ab06e {\n  background-position: center center !important;\n  background-repeat: no-repeat !important;\n  background-size: cover !important;\n}\/* End custom CSS *\/<\/style>\t\t<div data-elementor-type=\"loop-item\" data-elementor-id=\"6092\" class=\"elementor elementor-6092 e-loop-item e-loop-item-8036 post-8036 post type-post status-publish format-standard has-post-thumbnail hentry category-uncategorized-sr\" data-elementor-post-type=\"elementor_library\" data-custom-edit-handle=\"1\">\n\t\t\t<div class=\"elementor-element elementor-element-5a5016f e-flex e-con-boxed e-con e-parent\" data-id=\"5a5016f\" data-element_type=\"container\" data-e-type=\"container\">\n\t\t\t\t\t<div class=\"e-con-inner\">\n\t\t<div class=\"elementor-element elementor-element-62ab06e e-con-full e-flex e-con e-child\" data-id=\"62ab06e\" data-element_type=\"container\" data-e-type=\"container\" data-settings=\"{&quot;background_background&quot;:&quot;classic&quot;}\">\n\t\t\t\t<\/div>\n\t\t<div class=\"elementor-element elementor-element-0edf18f e-con-full e-flex e-con e-child\" data-id=\"0edf18f\" data-element_type=\"container\" data-e-type=\"container\">\n\t\t\t\t<div class=\"elementor-element elementor-element-e57518e elementor-widget elementor-widget-theme-post-title elementor-page-title elementor-widget-heading\" data-id=\"e57518e\" data-element_type=\"widget\" data-e-type=\"widget\" data-widget_type=\"theme-post-title.default\">\n\t\t\t\t<div class=\"elementor-widget-container\">\n\t\t\t\t\t<h1 class=\"elementor-heading-title elementor-size-default\"><a href=\"https:\/\/montingmontaza.com\/index.php\/2026\/03\/20\/projekat-izgradnje-kulturnog-centra-monheim-na-rajni-teatar\/\">Projekat izgradnje Kulturnog centra, Monheim na Rajni &#8211; Teatar<\/a><\/h1>\t\t\t\t<\/div>\n\t\t\t\t<\/div>\n\t\t\t\t<\/div>\n\t\t\t\t\t<\/div>\n\t\t\t\t<\/div>\n\t\t\t\t<\/div>\n\t\t<style id=\"loop-dynamic-6092\">.e-loop-item-7997 .elementor-element.elementor-element-62ab06e:not(.elementor-motion-effects-element-type-background), .e-loop-item-7997 .elementor-element.elementor-element-62ab06e > .elementor-motion-effects-container > .elementor-motion-effects-layer{background-image:url(\"https:\/\/montingmontaza.com\/wp-content\/uploads\/2026\/03\/1-3-scaled.jpg\");}<\/style>\t\t<div data-elementor-type=\"loop-item\" data-elementor-id=\"6092\" class=\"elementor elementor-6092 e-loop-item e-loop-item-7997 post-7997 post type-post status-publish format-standard has-post-thumbnail hentry category-uncategorized-sr\" data-elementor-post-type=\"elementor_library\" data-custom-edit-handle=\"1\">\n\t\t\t<div class=\"elementor-element elementor-element-5a5016f e-flex e-con-boxed e-con e-parent\" data-id=\"5a5016f\" data-element_type=\"container\" data-e-type=\"container\">\n\t\t\t\t\t<div class=\"e-con-inner\">\n\t\t<div class=\"elementor-element elementor-element-62ab06e e-con-full e-flex e-con e-child\" data-id=\"62ab06e\" data-element_type=\"container\" data-e-type=\"container\" data-settings=\"{&quot;background_background&quot;:&quot;classic&quot;}\">\n\t\t\t\t<\/div>\n\t\t<div class=\"elementor-element elementor-element-0edf18f e-con-full e-flex e-con e-child\" data-id=\"0edf18f\" data-element_type=\"container\" data-e-type=\"container\">\n\t\t\t\t<div class=\"elementor-element elementor-element-e57518e elementor-widget elementor-widget-theme-post-title elementor-page-title elementor-widget-heading\" data-id=\"e57518e\" data-element_type=\"widget\" data-e-type=\"widget\" data-widget_type=\"theme-post-title.default\">\n\t\t\t\t<div class=\"elementor-widget-container\">\n\t\t\t\t\t<h1 class=\"elementor-heading-title elementor-size-default\"><a href=\"https:\/\/montingmontaza.com\/index.php\/2026\/03\/20\/nastavak-radova-na-novom-silosu-za-skladistenje-secera-nordstemmen-silo-5\/\">Nastavak radova na novom silosu za skladi\u0161tenje \u0161e\u0107era \u2013 Nordstemmen Silo 5.<\/a><\/h1>\t\t\t\t<\/div>\n\t\t\t\t<\/div>\n\t\t\t\t<\/div>\n\t\t\t\t\t<\/div>\n\t\t\t\t<\/div>\n\t\t\t\t<\/div>\n\t\t<style id=\"loop-dynamic-6092\">.e-loop-item-7943 .elementor-element.elementor-element-62ab06e:not(.elementor-motion-effects-element-type-background), .e-loop-item-7943 .elementor-element.elementor-element-62ab06e > .elementor-motion-effects-container > .elementor-motion-effects-layer{background-image:url(\"https:\/\/montingmontaza.com\/wp-content\/uploads\/2026\/03\/20260203_093425-1-scaled.jpg\");}<\/style>\t\t<div data-elementor-type=\"loop-item\" data-elementor-id=\"6092\" class=\"elementor elementor-6092 e-loop-item e-loop-item-7943 post-7943 post type-post status-publish format-standard has-post-thumbnail hentry category-uncategorized-sr\" data-elementor-post-type=\"elementor_library\" data-custom-edit-handle=\"1\">\n\t\t\t<div class=\"elementor-element elementor-element-5a5016f e-flex e-con-boxed e-con e-parent\" data-id=\"5a5016f\" data-element_type=\"container\" data-e-type=\"container\">\n\t\t\t\t\t<div class=\"e-con-inner\">\n\t\t<div class=\"elementor-element elementor-element-62ab06e e-con-full e-flex e-con e-child\" data-id=\"62ab06e\" data-element_type=\"container\" data-e-type=\"container\" data-settings=\"{&quot;background_background&quot;:&quot;classic&quot;}\">\n\t\t\t\t<\/div>\n\t\t<div class=\"elementor-element elementor-element-0edf18f e-con-full e-flex e-con e-child\" data-id=\"0edf18f\" data-element_type=\"container\" data-e-type=\"container\">\n\t\t\t\t<div class=\"elementor-element elementor-element-e57518e elementor-widget elementor-widget-theme-post-title elementor-page-title elementor-widget-heading\" data-id=\"e57518e\" data-element_type=\"widget\" data-e-type=\"widget\" data-widget_type=\"theme-post-title.default\">\n\t\t\t\t<div class=\"elementor-widget-container\">\n\t\t\t\t\t<h1 class=\"elementor-heading-title elementor-size-default\"><a href=\"https:\/\/montingmontaza.com\/index.php\/2026\/03\/20\/trv-buschhaus-buddenstedt-modernizacija-sistema-za-preciscavanje-dimnih-gasova\/\">TRV Buschhaus, B\u00fcddenstedt &#8211; Modernizacija sistema za pre\u010di\u0161\u0107avanje dimnih gasova<\/a><\/h1>\t\t\t\t<\/div>\n\t\t\t\t<\/div>\n\t\t\t\t<\/div>\n\t\t\t\t\t<\/div>\n\t\t\t\t<\/div>\n\t\t\t\t<\/div>\n\t\t<style id=\"loop-dynamic-6092\">.e-loop-item-7894 .elementor-element.elementor-element-62ab06e:not(.elementor-motion-effects-element-type-background), .e-loop-item-7894 .elementor-element.elementor-element-62ab06e > .elementor-motion-effects-container > .elementor-motion-effects-layer{background-image:url(\"https:\/\/montingmontaza.com\/wp-content\/uploads\/2026\/03\/1-1-copy.avif\");}<\/style>\t\t<div data-elementor-type=\"loop-item\" data-elementor-id=\"6092\" class=\"elementor elementor-6092 e-loop-item e-loop-item-7894 post-7894 post type-post status-publish format-standard has-post-thumbnail hentry category-uncategorized-sr\" data-elementor-post-type=\"elementor_library\" data-custom-edit-handle=\"1\">\n\t\t\t<div class=\"elementor-element elementor-element-5a5016f e-flex e-con-boxed e-con e-parent\" data-id=\"5a5016f\" data-element_type=\"container\" data-e-type=\"container\">\n\t\t\t\t\t<div class=\"e-con-inner\">\n\t\t<div class=\"elementor-element elementor-element-62ab06e e-con-full e-flex e-con e-child\" data-id=\"62ab06e\" data-element_type=\"container\" data-e-type=\"container\" data-settings=\"{&quot;background_background&quot;:&quot;classic&quot;}\">\n\t\t\t\t<\/div>\n\t\t<div class=\"elementor-element elementor-element-0edf18f e-con-full e-flex e-con e-child\" data-id=\"0edf18f\" data-element_type=\"container\" data-e-type=\"container\">\n\t\t\t\t<div class=\"elementor-element elementor-element-e57518e elementor-widget elementor-widget-theme-post-title elementor-page-title elementor-widget-heading\" data-id=\"e57518e\" data-element_type=\"widget\" data-e-type=\"widget\" data-widget_type=\"theme-post-title.default\">\n\t\t\t\t<div class=\"elementor-widget-container\">\n\t\t\t\t\t<h1 class=\"elementor-heading-title elementor-size-default\"><a href=\"https:\/\/montingmontaza.com\/index.php\/2025\/12\/25\/svecano-obiljezena-trideseta-godisnjica\/\">Sve\u010dano obilje\u017eena 30. godi\u0161njica<\/a><\/h1>\t\t\t\t<\/div>\n\t\t\t\t<\/div>\n\t\t\t\t<\/div>\n\t\t\t\t\t<\/div>\n\t\t\t\t<\/div>\n\t\t\t\t<\/div>\n\t\t<style id=\"loop-dynamic-6092\">.e-loop-item-5935 .elementor-element.elementor-element-62ab06e:not(.elementor-motion-effects-element-type-background), .e-loop-item-5935 .elementor-element.elementor-element-62ab06e > .elementor-motion-effects-container > .elementor-motion-effects-layer{background-image:url(\"https:\/\/montingmontaza.com\/wp-content\/uploads\/2025\/04\/NASLOVNA.webp\");}<\/style>\t\t<div data-elementor-type=\"loop-item\" data-elementor-id=\"6092\" class=\"elementor elementor-6092 e-loop-item e-loop-item-5935 post-5935 post type-post status-publish format-standard has-post-thumbnail hentry category-uncategorized-sr tag-factory tag-industrial tag-work\" data-elementor-post-type=\"elementor_library\" data-custom-edit-handle=\"1\">\n\t\t\t<div class=\"elementor-element elementor-element-5a5016f e-flex e-con-boxed e-con e-parent\" data-id=\"5a5016f\" data-element_type=\"container\" data-e-type=\"container\">\n\t\t\t\t\t<div class=\"e-con-inner\">\n\t\t<div class=\"elementor-element elementor-element-62ab06e e-con-full e-flex e-con e-child\" data-id=\"62ab06e\" data-element_type=\"container\" data-e-type=\"container\" data-settings=\"{&quot;background_background&quot;:&quot;classic&quot;}\">\n\t\t\t\t<\/div>\n\t\t<div class=\"elementor-element elementor-element-0edf18f e-con-full e-flex e-con e-child\" data-id=\"0edf18f\" data-element_type=\"container\" data-e-type=\"container\">\n\t\t\t\t<div class=\"elementor-element elementor-element-e57518e elementor-widget elementor-widget-theme-post-title elementor-page-title elementor-widget-heading\" data-id=\"e57518e\" data-element_type=\"widget\" data-e-type=\"widget\" data-widget_type=\"theme-post-title.default\">\n\t\t\t\t<div class=\"elementor-widget-container\">\n\t\t\t\t\t<h1 class=\"elementor-heading-title elementor-size-default\"><a href=\"https:\/\/montingmontaza.com\/index.php\/2025\/04\/04\/zapoceli-smo-novi-projekat-termoizolacije-u-hkw-zapad-u-mainovi\/\">Termoizolacija cjevovoda &#8211; \u00a0Mercedes-Benz kampus u \u0160tutgartu<\/a><\/h1>\t\t\t\t<\/div>\n\t\t\t\t<\/div>\n\t\t\t\t<div class=\"elementor-element elementor-element-685fbd4 elementor-widget elementor-widget-theme-post-excerpt\" data-id=\"685fbd4\" data-element_type=\"widget\" data-e-type=\"widget\" data-widget_type=\"theme-post-excerpt.default\">\n\t\t\t\t<div class=\"elementor-widget-container\">\n\t\t\t\t\tRadi se o velikom infrastrukturnom projektu koji uklju\u010duje zna\u010dajna ulaganja u termoizolaciju i modernizaciju termoelektrane.\t\t\t\t<\/div>\n\t\t\t\t<\/div>\n\t\t\t\t<\/div>\n\t\t\t\t\t<\/div>\n\t\t\t\t<\/div>\n\t\t\t\t<\/div>\n\t\t<style id=\"loop-dynamic-6092\">.e-loop-item-5870 .elementor-element.elementor-element-62ab06e:not(.elementor-motion-effects-element-type-background), .e-loop-item-5870 .elementor-element.elementor-element-62ab06e > .elementor-motion-effects-container > .elementor-motion-effects-layer{background-image:url(\"https:\/\/montingmontaza.com\/wp-content\/uploads\/2025\/03\/1-Silos-5-e1743173212916.jpg\");}<\/style>\t\t<div data-elementor-type=\"loop-item\" data-elementor-id=\"6092\" class=\"elementor elementor-6092 e-loop-item e-loop-item-5870 post-5870 post type-post status-publish format-standard has-post-thumbnail hentry category-uncategorized-sr tag-experience tag-factory\" data-elementor-post-type=\"elementor_library\" data-custom-edit-handle=\"1\">\n\t\t\t<div class=\"elementor-element elementor-element-5a5016f e-flex e-con-boxed e-con e-parent\" data-id=\"5a5016f\" data-element_type=\"container\" data-e-type=\"container\">\n\t\t\t\t\t<div class=\"e-con-inner\">\n\t\t<div class=\"elementor-element elementor-element-62ab06e e-con-full e-flex e-con e-child\" data-id=\"62ab06e\" data-element_type=\"container\" data-e-type=\"container\" data-settings=\"{&quot;background_background&quot;:&quot;classic&quot;}\">\n\t\t\t\t<\/div>\n\t\t<div class=\"elementor-element elementor-element-0edf18f e-con-full e-flex e-con e-child\" data-id=\"0edf18f\" data-element_type=\"container\" data-e-type=\"container\">\n\t\t\t\t<div class=\"elementor-element elementor-element-e57518e elementor-widget elementor-widget-theme-post-title elementor-page-title elementor-widget-heading\" data-id=\"e57518e\" data-element_type=\"widget\" data-e-type=\"widget\" data-widget_type=\"theme-post-title.default\">\n\t\t\t\t<div class=\"elementor-widget-container\">\n\t\t\t\t\t<h1 class=\"elementor-heading-title elementor-size-default\"><a href=\"https:\/\/montingmontaza.com\/index.php\/2025\/03\/28\/novi-silos-za-skladistenje-secera-nordstemmen-silo-5\/\">Novi silos za skladi\u0161tenje \u0161e\u0107era &#8211; Nordstemmen Silo 5<\/a><\/h1>\t\t\t\t<\/div>\n\t\t\t\t<\/div>\n\t\t\t\t<div class=\"elementor-element elementor-element-685fbd4 elementor-widget elementor-widget-theme-post-excerpt\" data-id=\"685fbd4\" data-element_type=\"widget\" data-e-type=\"widget\" data-widget_type=\"theme-post-excerpt.default\">\n\t\t\t\t<div class=\"elementor-widget-container\">\n\t\t\t\t\tU okviru fabrike  Nordstemmen, izgra\u0111en je novi silos za skladi\u0161tenje \u0161e\u0107era \u010diji je unutra\u0161nji pre\u010dnik 56 m  i visina od cca 53,50 m.\t\t\t\t<\/div>\n\t\t\t\t<\/div>\n\t\t\t\t<\/div>\n\t\t\t\t\t<\/div>\n\t\t\t\t<\/div>\n\t\t\t\t<\/div>\n\t\t\t\t<\/div>\n\t\t\n\t\t\t\t\t\t<\/div>\n\t\t\t\t<\/div>\n\t\t\t\t\t<\/div>\n\t\t\t\t<\/div>\n\t\t\t\t<\/div>\n\t\t\n    <div class=\"xs_social_share_widget xs_share_url after_content \t\tmain_content  wslu-style-1 wslu-share-box-shaped wslu-fill-colored wslu-none wslu-share-horizontal wslu-theme-font-no wslu-main_content\">\n\n\t\t\n        <ul>\n\t\t\t        <\/ul>\n    <\/div> \n","protected":false},"excerpt":{"rendered":"<p>Novosti<\/p>\n","protected":false},"author":1,"featured_media":0,"parent":0,"menu_order":0,"comment_status":"closed","ping_status":"closed","template":"","meta":{"footnotes":""},"class_list":["post-6090","page","type-page","status-publish","hentry"],"_links":{"self":[{"href":"https:\/\/montingmontaza.com\/index.php\/wp-json\/wp\/v2\/pages\/6090","targetHints":{"allow":["GET"]}}],"collection":[{"href":"https:\/\/montingmontaza.com\/index.php\/wp-json\/wp\/v2\/pages"}],"about":[{"href":"https:\/\/montingmontaza.com\/index.php\/wp-json\/wp\/v2\/types\/page"}],"author":[{"embeddable":true,"href":"https:\/\/montingmontaza.com\/index.php\/wp-json\/wp\/v2\/users\/1"}],"replies":[{"embeddable":true,"href":"https:\/\/montingmontaza.com\/index.php\/wp-json\/wp\/v2\/comments?post=6090"}],"version-history":[{"count":20,"href":"https:\/\/montingmontaza.com\/index.php\/wp-json\/wp\/v2\/pages\/6090\/revisions"}],"predecessor-version":[{"id":8196,"href":"https:\/\/montingmontaza.com\/index.php\/wp-json\/wp\/v2\/pages\/6090\/revisions\/8196"}],"wp:attachment":[{"href":"https:\/\/montingmontaza.com\/index.php\/wp-json\/wp\/v2\/media?parent=6090"}],"curies":[{"name":"wp","href":"https:\/\/api.w.org\/{rel}","templated":true}]}}