{"id":4884,"date":"2024-11-01T09:19:53","date_gmt":"2024-11-01T09:19:53","guid":{"rendered":"https:\/\/montingmontaza.com\/?page_id=4884"},"modified":"2025-06-09T14:51:03","modified_gmt":"2025-06-09T14:51:03","slug":"politika-privatnosti","status":"publish","type":"page","link":"https:\/\/montingmontaza.com\/index.php\/politika-privatnosti\/","title":{"rendered":"Politika privatnosti"},"content":{"rendered":"\t\t<div data-elementor-type=\"wp-page\" data-elementor-id=\"4884\" class=\"elementor elementor-4884\" data-elementor-post-type=\"page\">\n\t\t\t\t<div class=\"elementor-element elementor-element-d1dd79e e-flex e-con-boxed e-con e-parent\" data-id=\"d1dd79e\" data-element_type=\"container\" data-e-type=\"container\" data-settings=\"{&quot;background_background&quot;:&quot;classic&quot;}\">\n\t\t\t\t\t<div class=\"e-con-inner\">\n\t\t\t\t<div class=\"elementor-element elementor-element-c02abb3 elementor-widget elementor-widget-heading\" data-id=\"c02abb3\" data-element_type=\"widget\" data-e-type=\"widget\" data-widget_type=\"heading.default\">\n\t\t\t\t<div class=\"elementor-widget-container\">\n\t\t\t\t\t<h2 class=\"elementor-heading-title elementor-size-default\">Politika privatnosti<\/h2>\t\t\t\t<\/div>\n\t\t\t\t<\/div>\n\t\t\t\t\t<\/div>\n\t\t\t\t<\/div>\n\t\t<div class=\"elementor-element elementor-element-4b6ac5e e-flex e-con-boxed e-con e-parent\" data-id=\"4b6ac5e\" data-element_type=\"container\" data-e-type=\"container\">\n\t\t\t\t\t<div class=\"e-con-inner\">\n\t\t\t\t<div class=\"elementor-element elementor-element-ff33a50 elementor-widget elementor-widget-text-editor\" data-id=\"ff33a50\" data-element_type=\"widget\" data-e-type=\"widget\" data-widget_type=\"text-editor.default\">\n\t\t\t\t<div class=\"elementor-widget-container\">\n\t\t\t\t\t\t\t\t\t<h2>\u00a0<\/h2><p><span style=\"font-weight: 400;\">Prikupljanje, dr\u017eanje, obrada i kori\u0161tenje podataka vr\u0161i se u skladu sa Zakonom o za\u0161titi li\u010dnih podataka\u00a0 (Sl.gl.BiH br.49\/06) i Zakonom o izmjenama i dopunama Zakona o za\u0161titi li\u010dnih podataka (Sl.gl.BiH br 76\/11).\u00a0\u00a0\u00a0\u00a0\u00a0\u00a0\u00a0<\/span><\/p><h3><strong>Na\u010din prikupljanja podataka<\/strong><\/h3><p><span style=\"font-weight: 400;\">Podaci se <\/span><span style=\"font-weight: 400;\">prikupljaju direktno<\/span><span style=\"font-weight: 400;\"> kada se isti dostave putem kontakt forme ili na e-mail adresu ili automatski prilikom kori\u0161\u0107enja sajta.\u00a0<\/span><\/p><p><span style=\"font-weight: 400;\">Li\u010dni podaci i\u00a0 informacije kao \u0161to su ime, prezime, e-mail adresa i sli\u010dno prikupljaju se samo ako ih posjetioci dobrovoljno dostave i ako su neophodni za pru\u017eanje usluga. Korisnici nisu du\u017eni da dostavljaju ikakve li\u010dne podatke.<\/span><\/p><p><span style=\"font-weight: 400;\">Direktne li\u010dne podatke prikupljamo radi obrade i kori\u0161\u0107enja samo ako dobrovoljno odlu\u010dite da unesete te podatke ili izri\u010dito date svoj pristanak na to. Va\u0161e li\u010dne podatke koristimo isklju\u010divo:\u00a0<\/span><\/p><ul><li style=\"font-weight: 400;\" aria-level=\"1\"><span style=\"font-weight: 400;\">u svrhu ispunjenja zahtjeva korisnika, tj. u svrhu pru\u017eanja usluga koje je korisnik zatra\u017eio. Monting monta\u017ea te podatke ne\u0107e koristiti, obra\u0111ivati niti prenijeti izvan okvira dopu\u0161tenih zakonom. Garantovana je za\u0161tita podataka o li\u010dnosti.<\/span><\/li><li style=\"font-weight: 400;\" aria-level=\"1\"><span style=\"font-weight: 400;\">Uz saglasnost korisnika mogu\u0107e je ih je dostaviti u druge svrhe.<\/span><\/li><li style=\"font-weight: 400;\" aria-level=\"1\"><span style=\"font-weight: 400;\">Monting monta\u017ea mo\u017ee otkriti li\u010dne podatke, ako je du\u017ena da ih otkrije da bi ispunila svoju zakonsku obavezu, tj. ako za to dobije sudski nalog<\/span><\/li><\/ul><p><span style=\"font-weight: 400;\">Ukoliko putem kontat forme, posjetioci stranice dostave svoje podatke, oni \u0107e biti dostupni samo licima koja su ovla\u0161\u0107ena za ovaj proces. Podaci ne\u0107e biti kori\u0161teni izvan svrhe za koju su prikupljeni. Slanjem podataka putem kontakt forme, posjetioci pristaju na obradu dostavljenih li\u010dnih podataka.<\/span><\/p><p><span style=\"font-weight: 400;\">Prilikom pristupanja sajtu i pretra\u017eivanja sajta prikupljaju se podaci koje se odnose na posjetioce, ali ih ne identifikuju kao pojedinca\u00a0 :<\/span><\/p><ul><li style=\"font-weight: 400;\" aria-level=\"1\"><span style=\"font-weight: 400;\">Detalje o posjetama sajtu, uklju\u010duju\u0107i podatke o saobra\u0107aju, podatke o lokaciji,\u00a0 Ime va\u0161eg internet provajdera, IP adresa, verzija va\u0161eg softwersog pretra\u017eiva\u010da &#8211; browser, operativni kompjuterski sistem koji je kori\u0161\u0107en da bi se pristupilo na\u0161em web sajtu, web sajt koji koristite da biste nas posetili, web sajtove koje pose\u0107ujete dok ste u kontaktu sa nama, sve rije\u010di na osnovu kojih ste pretra\u017eivali da biste do\u0161li do na\u0161eg web sajta.\u00a0<\/span><\/li><\/ul><p><span style=\"font-weight: 400;\">Ovi podaci predstavljaju statisti\u010dke podatke i koriste se isklju\u010divo po\u0161to su anonimno unijeti. Poma\u017eu za pobolj\u0161anje sajta i pru\u017eanje boljih usluga. Monting monta\u017ea mo\u017ee informacije koje ne identifikuju pojedinca, bez ograni\u010denja otkrivati i koristiti.<\/span><\/p><p><span style=\"font-weight: 400;\">Posjetioci web stranice imaju pravo na ispravku, brisanje ili ograni\u010davanje obrade sa\u010duvanih podataka, pravo na prigovor zbog obrade podataka i \u017ealbu u skladu sa Zakonom o za\u0161titi li\u010dnih podataka BiH.<\/span><\/p><p><span style=\"font-weight: 400;\">Posjeta i kori\u0161\u0107enje na\u0161e internet stranice podrazumijeva prihvatanje gore navedenih uslova. Pristupanjem ovom internet sajtu dajete pristanak da se podaci o Vama prikupljaju, koriste i otkrivaju u skladu sa ovom Politikom za\u0161tite privatnosti<\/span><span style=\"font-weight: 400;\">.<\/span><\/p><p><span style=\"font-weight: 400;\">Li\u010dne podatke \u010duvamo onoliko koliko je potrebno za pru\u017eanje na\u0161ih usluga, \u0161to podrazumijeva da li\u010dne podatke bri\u0161emo odmah nakon prestanka razloga za obradu podataka. Podatke \u010duvamo samo ukoliko imamo zakonsku obavezu da zadr\u017eimo neke podatke i nakon prestanka va\u017eenja prvobitne svrhe, a to je na primjer za potrebe ra\u010dunovodstva.<\/span><\/p><h3><strong>Koristimo kola\u010di\u0107e<\/strong><\/h3><p><span style=\"font-weight: 400;\">Kola\u010di\u0107i su male datoteke koje su neophodne za kori\u0161tenje na\u0161eg web sajta i imaju svrhu da olak\u0161aju njegovo kori\u0161tenje.Pretra\u017eiva\u010d (browser) posjetioca ih prenosi sa na\u0161eg sajta na hard disk posjetioca. Prihvatanje kola\u010di\u0107a posjetilac nam omogu\u0107ava da dobijemo informacije o njegovim pretra\u017eiva\u010dkim navikama.To nam poma\u017ee u\u00a0 uspostavljenju sistema efikasnosti na\u0161eg navigacionog sistema da posjetilac lak\u0161e do\u0111e do tra\u017eenih informacija. Kola\u010di\u0107 ne mo\u017ee \u010ditati li\u010dne podatke sa hard diska posjetioca niti \u010dita datoteke koje su stvorili drugi sajtovi.<\/span><\/p><p><span style=\"font-weight: 400;\">Kola\u010di\u0107i se klasifikuju na privremene i trajne kola\u010di\u0107e. Privremeni kola\u010di\u0107i, sesije, se ne zadr\u017eavaju na ra\u010dunaru posjetioca sajta nakon \u0161to se zatvori pretra\u017eiva\u010d.Oni omogu\u0107avaju da se pretra\u017eiva\u010d posjetioca prepozna kada se vratite na na\u0161u web stranicu.<\/span><\/p><p><span style=\"font-weight: 400;\">Trajni kola\u010di\u0107i se zadr\u017eavaju na ra\u010dunaru sve dok ih on ne izbri\u0161e ili im ne istekne rok trajanja. Pretra\u017eiva\u010d ih mo\u017ee izbrisati u bilo kom trenutku, u bezbjednosnim postavkama svog ra\u010dunara<\/span><\/p>\t\t\t\t\t\t\t\t<\/div>\n\t\t\t\t<\/div>\n\t\t\t\t\t<\/div>\n\t\t\t\t<\/div>\n\t\t\t\t<\/div>\n\t\t\n    <div class=\"xs_social_share_widget xs_share_url after_content \t\tmain_content  wslu-style-1 wslu-share-box-shaped wslu-fill-colored wslu-none wslu-share-horizontal wslu-theme-font-no wslu-main_content\">\n\n\t\t\n        <ul>\n\t\t\t        <\/ul>\n    <\/div> \n","protected":false},"excerpt":{"rendered":"<p>Politika privatnosti \u00a0 Prikupljanje, dr\u017eanje, obrada i kori\u0161tenje podataka vr\u0161i se u skladu sa Zakonom o za\u0161titi li\u010dnih podataka\u00a0 (Sl.gl.BiH br.49\/06) i Zakonom o izmjenama i dopunama Zakona o za\u0161titi li\u010dnih podataka (Sl.gl.BiH br 76\/11).\u00a0\u00a0\u00a0\u00a0\u00a0\u00a0\u00a0 Na\u010din prikupljanja podataka Podaci se prikupljaju direktno kada se isti dostave putem kontakt forme ili<\/p>\n","protected":false},"author":1,"featured_media":0,"parent":0,"menu_order":0,"comment_status":"closed","ping_status":"closed","template":"","meta":{"footnotes":""},"class_list":["post-4884","page","type-page","status-publish","hentry"],"_links":{"self":[{"href":"https:\/\/montingmontaza.com\/index.php\/wp-json\/wp\/v2\/pages\/4884","targetHints":{"allow":["GET"]}}],"collection":[{"href":"https:\/\/montingmontaza.com\/index.php\/wp-json\/wp\/v2\/pages"}],"about":[{"href":"https:\/\/montingmontaza.com\/index.php\/wp-json\/wp\/v2\/types\/page"}],"author":[{"embeddable":true,"href":"https:\/\/montingmontaza.com\/index.php\/wp-json\/wp\/v2\/users\/1"}],"replies":[{"embeddable":true,"href":"https:\/\/montingmontaza.com\/index.php\/wp-json\/wp\/v2\/comments?post=4884"}],"version-history":[{"count":22,"href":"https:\/\/montingmontaza.com\/index.php\/wp-json\/wp\/v2\/pages\/4884\/revisions"}],"predecessor-version":[{"id":7720,"href":"https:\/\/montingmontaza.com\/index.php\/wp-json\/wp\/v2\/pages\/4884\/revisions\/7720"}],"wp:attachment":[{"href":"https:\/\/montingmontaza.com\/index.php\/wp-json\/wp\/v2\/media?parent=4884"}],"curies":[{"name":"wp","href":"https:\/\/api.w.org\/{rel}","templated":true}]}}