{"id":7700,"date":"2025-06-06T14:11:00","date_gmt":"2025-06-06T14:11:00","guid":{"rendered":"https:\/\/montingmontaza.com\/index.php\/einbau-der-steuerbatterie-ub1-aluminiumoxid-zvornik\/"},"modified":"2025-06-09T14:34:15","modified_gmt":"2025-06-09T14:34:15","slug":"einbau-der-steuerbatterie-ub1-aluminiumoxid-zvornik","status":"publish","type":"page","link":"https:\/\/montingmontaza.com\/de\/index.php\/einbau-der-steuerbatterie-ub1-aluminiumoxid-zvornik\/","title":{"rendered":"Einbau der Steuerbatterie UB1 &#8211; Aluminiumoxid Zvornik"},"content":{"rendered":"\t\t<div data-elementor-type=\"wp-page\" data-elementor-id=\"7700\" class=\"elementor elementor-7700 elementor-7483\" data-elementor-post-type=\"page\">\n\t\t\t\t<div class=\"elementor-element elementor-element-c96942f e-flex e-con-boxed e-con e-parent\" data-id=\"c96942f\" data-element_type=\"container\" data-e-type=\"container\">\n\t\t\t\t\t<div class=\"e-con-inner\">\n\t\t\t\t<div class=\"elementor-element elementor-element-d799b94 elementor-widget elementor-widget-image\" data-id=\"d799b94\" data-element_type=\"widget\" data-e-type=\"widget\" data-widget_type=\"image.default\">\n\t\t\t\t<div class=\"elementor-widget-container\">\n\t\t\t\t\t\t\t\t\t\t\t\t\t\t\t<img fetchpriority=\"high\" decoding=\"async\" width=\"1024\" height=\"576\" src=\"https:\/\/montingmontaza.com\/wp-content\/uploads\/2025\/02\/4-1-1024x576.webp\" class=\"attachment-large size-large wp-image-6563\" alt=\"\" srcset=\"https:\/\/montingmontaza.com\/wp-content\/uploads\/2025\/02\/4-1-1024x576.webp 1024w, https:\/\/montingmontaza.com\/wp-content\/uploads\/2025\/02\/4-1-300x169.webp 300w, https:\/\/montingmontaza.com\/wp-content\/uploads\/2025\/02\/4-1-768x432.webp 768w, https:\/\/montingmontaza.com\/wp-content\/uploads\/2025\/02\/4-1.webp 1200w\" sizes=\"(max-width: 1024px) 100vw, 1024px\" \/>\t\t\t\t\t\t\t\t\t\t\t\t\t\t\t<\/div>\n\t\t\t\t<\/div>\n\t\t\t\t\t<\/div>\n\t\t\t\t<\/div>\n\t\t<div class=\"elementor-element elementor-element-e247061 e-flex e-con-boxed e-con e-parent\" data-id=\"e247061\" data-element_type=\"container\" data-e-type=\"container\">\n\t\t\t\t\t<div class=\"e-con-inner\">\n\t\t\t\t<div class=\"elementor-element elementor-element-868916d elementor-widget elementor-widget-heading\" data-id=\"868916d\" data-element_type=\"widget\" data-e-type=\"widget\" data-widget_type=\"heading.default\">\n\t\t\t\t<div class=\"elementor-widget-container\">\n\t\t\t\t\t<h2 class=\"elementor-heading-title elementor-size-default\">Einbau der Steuerbatterie UB1 - Aluminiumoxid Zvornik<\/h2>\t\t\t\t<\/div>\n\t\t\t\t<\/div>\n\t\t\t\t<div class=\"elementor-element elementor-element-945ac6d elementor-widget elementor-widget-text-editor\" data-id=\"945ac6d\" data-element_type=\"widget\" data-e-type=\"widget\" data-widget_type=\"text-editor.default\">\n\t\t\t\t<div class=\"elementor-widget-container\">\n\t\t\t\t\t\t\t\t\t<p>F\u00fcr die Bed\u00fcrfnisse der Firma \u201eAlumina\u201c aus Zvornik beteiligte sich Monting Monta\u017ea an der Umsetzung des Projekts zur Installation einer neuen Verdampferbatterie, die vom franz\u00f6sischen Hersteller \u201eKestner\u201c hergestellt wird.<\/p><p>Die von uns durchgef\u00fchrten Arbeiten beziehen sich auf den Umbau und die Erweiterung der bestehenden Produktionsst\u00e4tte in der Pairing-Abteilung (Werk Nr. 17) zur Integration der neuen \u201eKestner\u201c-Verdampfungsbatterie UB1.<\/p><p>Unten im Formular<br><strong style=\"font-size: 16px; color: var(--e-global-color-congin_text);\">Details zum Projekt<\/strong><span style=\"font-size: 16px; color: var(--e-global-color-congin_text);\">:<br><\/span><span style=\"font-size: 16px; color: var(--e-global-color-congin_text);\">Technische Daten:<\/span><\/p><ul><li><span style=\"font-size: 16px; color: var(--e-global-color-congin_text);\">Zu den verwendeten Materialien geh\u00f6ren warmgewalzte Profile, HOPs (Hall-Wrap-Profile), Bleche und Stangen.<\/span><\/li><li><span style=\"font-size: 16px; color: var(--e-global-color-congin_text);\">Ein Teil der Baugruppen wird in der Werkstatt gefertigt, anschlie\u00dfend zusammengeschwei\u00dft und zur Baustelle transportiert, w\u00e4hrend der Rest der Baugruppen direkt vor Ort mit Hilfe von Verschraubungen und Verbindungsplatten montiert wird.<\/span><\/li><\/ul><p>Leistungsumfang:<\/p><ul><li>Verarbeiteter Stahl: ca. 150 Tonnen<\/li><li>Geb\u00e4udeh\u00f6he: +26,50 m<\/li><li>Plattformen: Im Rahmen des Projekts wurden acht Plattformen in unterschiedlichen H\u00f6hen gebaut, die einen leichteren Zugang f\u00fcr Wartungs- und Arbeitsprozesse erm\u00f6glichen.<\/li><\/ul>\t\t\t\t\t\t\t\t<\/div>\n\t\t\t\t<\/div>\n\t\t\t\t\t<\/div>\n\t\t\t\t<\/div>\n\t\t<div class=\"elementor-element elementor-element-b6cefa7 e-flex e-con-boxed e-con e-parent\" data-id=\"b6cefa7\" data-element_type=\"container\" data-e-type=\"container\">\n\t\t\t\t\t<div class=\"e-con-inner\">\n\t\t\t\t<div class=\"elementor-element elementor-element-3dd6b73 elementor-widget elementor-widget-gallery\" data-id=\"3dd6b73\" data-element_type=\"widget\" data-e-type=\"widget\" data-settings=\"{&quot;lazyload&quot;:&quot;yes&quot;,&quot;gallery_layout&quot;:&quot;grid&quot;,&quot;columns&quot;:4,&quot;columns_tablet&quot;:2,&quot;columns_mobile&quot;:1,&quot;gap&quot;:{&quot;unit&quot;:&quot;px&quot;,&quot;size&quot;:10,&quot;sizes&quot;:[]},&quot;gap_tablet&quot;:{&quot;unit&quot;:&quot;px&quot;,&quot;size&quot;:10,&quot;sizes&quot;:[]},&quot;gap_mobile&quot;:{&quot;unit&quot;:&quot;px&quot;,&quot;size&quot;:10,&quot;sizes&quot;:[]},&quot;link_to&quot;:&quot;file&quot;,&quot;aspect_ratio&quot;:&quot;3:2&quot;,&quot;overlay_background&quot;:&quot;yes&quot;,&quot;content_hover_animation&quot;:&quot;fade-in&quot;}\" data-widget_type=\"gallery.default\">\n\t\t\t\t<div class=\"elementor-widget-container\">\n\t\t\t\t\t\t\t<div class=\"elementor-gallery__container\">\n\t\t\t\t\t\t\t<a class=\"e-gallery-item elementor-gallery-item elementor-animated-content\" href=\"https:\/\/montingmontaza.com\/wp-content\/uploads\/2023\/05\/20211222_095028.webp\">\n\t\t\t\t\t<div class=\"e-gallery-image elementor-gallery-item__image\" data-thumbnail=\"https:\/\/montingmontaza.com\/wp-content\/uploads\/2023\/05\/20211222_095028-225x300.webp\" data-width=\"225\" data-height=\"300\" aria-label=\"\" role=\"img\" ><\/div>\n\t\t\t\t\t\t\t\t\t\t\t<div class=\"elementor-gallery-item__overlay\"><\/div>\n\t\t\t\t\t\t\t\t\t\t\t\t\t\t<\/a>\n\t\t\t\t\t\t\t<a class=\"e-gallery-item elementor-gallery-item elementor-animated-content\" href=\"https:\/\/montingmontaza.com\/wp-content\/uploads\/2023\/05\/20211227_082801.webp\">\n\t\t\t\t\t<div class=\"e-gallery-image elementor-gallery-item__image\" data-thumbnail=\"https:\/\/montingmontaza.com\/wp-content\/uploads\/2023\/05\/20211227_082801-300x142.webp\" data-width=\"300\" data-height=\"142\" aria-label=\"\" role=\"img\" ><\/div>\n\t\t\t\t\t\t\t\t\t\t\t<div class=\"elementor-gallery-item__overlay\"><\/div>\n\t\t\t\t\t\t\t\t\t\t\t\t\t\t<\/a>\n\t\t\t\t\t\t\t<a class=\"e-gallery-item elementor-gallery-item elementor-animated-content\" href=\"https:\/\/montingmontaza.com\/wp-content\/uploads\/2023\/05\/20220202_082732-2.jpg\">\n\t\t\t\t\t<div class=\"e-gallery-image elementor-gallery-item__image\" data-thumbnail=\"https:\/\/montingmontaza.com\/wp-content\/uploads\/2023\/05\/20220202_082732-2-300x142.jpg\" data-width=\"300\" data-height=\"142\" aria-label=\"\" role=\"img\" ><\/div>\n\t\t\t\t\t\t\t\t\t\t\t<div class=\"elementor-gallery-item__overlay\"><\/div>\n\t\t\t\t\t\t\t\t\t\t\t\t\t\t<\/a>\n\t\t\t\t\t\t\t<a class=\"e-gallery-item elementor-gallery-item elementor-animated-content\" href=\"https:\/\/montingmontaza.com\/wp-content\/uploads\/2023\/05\/20220202_084036.webp\">\n\t\t\t\t\t<div class=\"e-gallery-image elementor-gallery-item__image\" data-thumbnail=\"https:\/\/montingmontaza.com\/wp-content\/uploads\/2023\/05\/20220202_084036-300x142.webp\" data-width=\"300\" data-height=\"142\" aria-label=\"\" role=\"img\" ><\/div>\n\t\t\t\t\t\t\t\t\t\t\t<div class=\"elementor-gallery-item__overlay\"><\/div>\n\t\t\t\t\t\t\t\t\t\t\t\t\t\t<\/a>\n\t\t\t\t\t\t\t<a class=\"e-gallery-item elementor-gallery-item elementor-animated-content\" href=\"https:\/\/montingmontaza.com\/wp-content\/uploads\/2023\/05\/20220308_094134.webp\">\n\t\t\t\t\t<div class=\"e-gallery-image elementor-gallery-item__image\" data-thumbnail=\"https:\/\/montingmontaza.com\/wp-content\/uploads\/2023\/05\/20220308_094134-225x300.webp\" data-width=\"225\" data-height=\"300\" aria-label=\"\" role=\"img\" ><\/div>\n\t\t\t\t\t\t\t\t\t\t\t<div class=\"elementor-gallery-item__overlay\"><\/div>\n\t\t\t\t\t\t\t\t\t\t\t\t\t\t<\/a>\n\t\t\t\t\t\t\t<a class=\"e-gallery-item elementor-gallery-item elementor-animated-content\" href=\"https:\/\/montingmontaza.com\/wp-content\/uploads\/2023\/05\/20220308_094147.webp\">\n\t\t\t\t\t<div class=\"e-gallery-image elementor-gallery-item__image\" data-thumbnail=\"https:\/\/montingmontaza.com\/wp-content\/uploads\/2023\/05\/20220308_094147-225x300.webp\" data-width=\"225\" data-height=\"300\" aria-label=\"\" role=\"img\" ><\/div>\n\t\t\t\t\t\t\t\t\t\t\t<div class=\"elementor-gallery-item__overlay\"><\/div>\n\t\t\t\t\t\t\t\t\t\t\t\t\t\t<\/a>\n\t\t\t\t\t\t\t<a class=\"e-gallery-item elementor-gallery-item elementor-animated-content\" href=\"https:\/\/montingmontaza.com\/wp-content\/uploads\/2023\/05\/20211101_141840-1.webp\">\n\t\t\t\t\t<div class=\"e-gallery-image elementor-gallery-item__image\" data-thumbnail=\"https:\/\/montingmontaza.com\/wp-content\/uploads\/2023\/05\/20211101_141840-1-225x300.webp\" data-width=\"225\" data-height=\"300\" aria-label=\"\" role=\"img\" ><\/div>\n\t\t\t\t\t\t\t\t\t\t\t<div class=\"elementor-gallery-item__overlay\"><\/div>\n\t\t\t\t\t\t\t\t\t\t\t\t\t\t<\/a>\n\t\t\t\t\t\t\t<a class=\"e-gallery-item elementor-gallery-item elementor-animated-content\" href=\"https:\/\/montingmontaza.com\/wp-content\/uploads\/2023\/05\/Kestner-baterija-e1730478398918.webp\">\n\t\t\t\t\t<div class=\"e-gallery-image elementor-gallery-item__image\" data-thumbnail=\"https:\/\/montingmontaza.com\/wp-content\/uploads\/2023\/05\/Kestner-baterija-e1730478398918-281x300.webp\" data-width=\"281\" data-height=\"300\" aria-label=\"\" role=\"img\" ><\/div>\n\t\t\t\t\t\t\t\t\t\t\t<div class=\"elementor-gallery-item__overlay\"><\/div>\n\t\t\t\t\t\t\t\t\t\t\t\t\t\t<\/a>\n\t\t\t\t\t\t\t<a class=\"e-gallery-item elementor-gallery-item elementor-animated-content\" href=\"https:\/\/montingmontaza.com\/wp-content\/uploads\/2023\/05\/20220314_085048.webp\">\n\t\t\t\t\t<div class=\"e-gallery-image elementor-gallery-item__image\" data-thumbnail=\"https:\/\/montingmontaza.com\/wp-content\/uploads\/2023\/05\/20220314_085048-300x142.webp\" data-width=\"300\" data-height=\"142\" aria-label=\"\" role=\"img\" ><\/div>\n\t\t\t\t\t\t\t\t\t\t\t<div class=\"elementor-gallery-item__overlay\"><\/div>\n\t\t\t\t\t\t\t\t\t\t\t\t\t\t<\/a>\n\t\t\t\t\t\t\t<a class=\"e-gallery-item elementor-gallery-item elementor-animated-content\" href=\"https:\/\/montingmontaza.com\/wp-content\/uploads\/2025\/02\/4-1.webp\">\n\t\t\t\t\t<div class=\"e-gallery-image elementor-gallery-item__image\" data-thumbnail=\"https:\/\/montingmontaza.com\/wp-content\/uploads\/2025\/02\/4-1-300x169.webp\" data-width=\"300\" data-height=\"169\" aria-label=\"\" role=\"img\" ><\/div>\n\t\t\t\t\t\t\t\t\t\t\t<div class=\"elementor-gallery-item__overlay\"><\/div>\n\t\t\t\t\t\t\t\t\t\t\t\t\t\t<\/a>\n\t\t\t\t\t<\/div>\n\t\t\t\t\t<\/div>\n\t\t\t\t<\/div>\n\t\t\t\t\t<\/div>\n\t\t\t\t<\/div>\n\t\t\t\t<\/div>\n\t\t\n    <div class=\"xs_social_share_widget xs_share_url after_content \t\tmain_content  wslu-style-1 wslu-share-box-shaped wslu-fill-colored wslu-none wslu-share-horizontal wslu-theme-font-no wslu-main_content\">\n\n\t\t\n        <ul>\n\t\t\t        <\/ul>\n    <\/div> \n","protected":false},"excerpt":{"rendered":"<p>Einbau der Steuerbatterie UB1 &#8211; Aluminiumoxid Zvornik F\u00fcr die Bed\u00fcrfnisse der Firma \u201eAlumina\u201c aus Zvornik beteiligte sich Monting Monta\u017ea an der Umsetzung des Projekts zur Installation einer neuen Verdampferbatterie, die vom franz\u00f6sischen Hersteller \u201eKestner\u201c hergestellt wird. Die von uns durchgef\u00fchrten Arbeiten beziehen sich auf den Umbau und die Erweiterung der<\/p>\n","protected":false},"author":1,"featured_media":6563,"parent":0,"menu_order":0,"comment_status":"closed","ping_status":"closed","template":"","meta":{"footnotes":""},"class_list":["post-7700","page","type-page","status-publish","has-post-thumbnail","hentry"],"_links":{"self":[{"href":"https:\/\/montingmontaza.com\/de\/index.php\/wp-json\/wp\/v2\/pages\/7700","targetHints":{"allow":["GET"]}}],"collection":[{"href":"https:\/\/montingmontaza.com\/de\/index.php\/wp-json\/wp\/v2\/pages"}],"about":[{"href":"https:\/\/montingmontaza.com\/de\/index.php\/wp-json\/wp\/v2\/types\/page"}],"author":[{"embeddable":true,"href":"https:\/\/montingmontaza.com\/de\/index.php\/wp-json\/wp\/v2\/users\/1"}],"replies":[{"embeddable":true,"href":"https:\/\/montingmontaza.com\/de\/index.php\/wp-json\/wp\/v2\/comments?post=7700"}],"version-history":[{"count":1,"href":"https:\/\/montingmontaza.com\/de\/index.php\/wp-json\/wp\/v2\/pages\/7700\/revisions"}],"predecessor-version":[{"id":7701,"href":"https:\/\/montingmontaza.com\/de\/index.php\/wp-json\/wp\/v2\/pages\/7700\/revisions\/7701"}],"wp:featuredmedia":[{"embeddable":true,"href":"https:\/\/montingmontaza.com\/de\/index.php\/wp-json\/wp\/v2\/media\/6563"}],"wp:attachment":[{"href":"https:\/\/montingmontaza.com\/de\/index.php\/wp-json\/wp\/v2\/media?parent=7700"}],"curies":[{"name":"wp","href":"https:\/\/api.w.org\/{rel}","templated":true}]}}