{"id":7694,"date":"2025-06-07T13:28:19","date_gmt":"2025-06-07T13:28:19","guid":{"rendered":"https:\/\/montingmontaza.com\/index.php\/sanierung-des-stahlwerks-salzgiter\/"},"modified":"2025-06-09T14:33:30","modified_gmt":"2025-06-09T14:33:30","slug":"sanierung-des-stahlwerks-salzgiter","status":"publish","type":"page","link":"https:\/\/montingmontaza.com\/de\/index.php\/sanierung-des-stahlwerks-salzgiter\/","title":{"rendered":"Sanierung des Stahlwerks Salzgiter"},"content":{"rendered":"\t\t<div data-elementor-type=\"wp-page\" data-elementor-id=\"7694\" class=\"elementor elementor-7694 elementor-7498\" data-elementor-post-type=\"page\">\n\t\t\t\t<div class=\"elementor-element elementor-element-5fb653c e-flex e-con-boxed e-con e-parent\" data-id=\"5fb653c\" data-element_type=\"container\" data-e-type=\"container\">\n\t\t\t\t\t<div class=\"e-con-inner\">\n\t\t\t\t<div class=\"elementor-element elementor-element-6998469 elementor-widget elementor-widget-image\" data-id=\"6998469\" data-element_type=\"widget\" data-e-type=\"widget\" data-widget_type=\"image.default\">\n\t\t\t\t<div class=\"elementor-widget-container\">\n\t\t\t\t\t\t\t\t\t\t\t\t\t\t\t<img fetchpriority=\"high\" decoding=\"async\" width=\"1024\" height=\"473\" src=\"https:\/\/montingmontaza.com\/wp-content\/uploads\/2025\/03\/20241021_145237-1024x473.webp\" class=\"attachment-large size-large wp-image-6651\" alt=\"\" srcset=\"https:\/\/montingmontaza.com\/wp-content\/uploads\/2025\/03\/20241021_145237-1024x473.webp 1024w, https:\/\/montingmontaza.com\/wp-content\/uploads\/2025\/03\/20241021_145237-300x139.webp 300w, https:\/\/montingmontaza.com\/wp-content\/uploads\/2025\/03\/20241021_145237-768x355.webp 768w, https:\/\/montingmontaza.com\/wp-content\/uploads\/2025\/03\/20241021_145237.webp 1200w\" sizes=\"(max-width: 1024px) 100vw, 1024px\" \/>\t\t\t\t\t\t\t\t\t\t\t\t\t\t\t<\/div>\n\t\t\t\t<\/div>\n\t\t\t\t\t<\/div>\n\t\t\t\t<\/div>\n\t\t\t\t<section class=\"elementor-section elementor-top-section elementor-element elementor-element-324867c elementor-section-boxed elementor-section-height-default elementor-section-height-default\" data-id=\"324867c\" data-element_type=\"section\" data-e-type=\"section\">\n\t\t\t\t\t\t<div class=\"elementor-container elementor-column-gap-default\">\n\t\t\t\t\t<div class=\"elementor-column elementor-col-100 elementor-top-column elementor-element elementor-element-ae0f884\" data-id=\"ae0f884\" data-element_type=\"column\" data-e-type=\"column\">\n\t\t\t<div class=\"elementor-widget-wrap elementor-element-populated\">\n\t\t\t\t\t\t<div class=\"elementor-element elementor-element-5385c39 elementor-widget elementor-widget-spacer\" data-id=\"5385c39\" data-element_type=\"widget\" data-e-type=\"widget\" data-widget_type=\"spacer.default\">\n\t\t\t\t<div class=\"elementor-widget-container\">\n\t\t\t\t\t\t\t<div class=\"elementor-spacer\">\n\t\t\t<div class=\"elementor-spacer-inner\"><\/div>\n\t\t<\/div>\n\t\t\t\t\t\t<\/div>\n\t\t\t\t<\/div>\n\t\t\t\t<div class=\"elementor-element elementor-element-b126389 elementor-widget elementor-widget-mae-post-content-title\" data-id=\"b126389\" data-element_type=\"widget\" data-e-type=\"widget\" data-widget_type=\"mae-post-content-title.default\">\n\t\t\t\t<div class=\"elementor-widget-container\">\n\t\t\t\t\t<div class=\"hentry\"><h1 class=\"post-title\">Footer<\/h1><\/div>\t\t\t\t<\/div>\n\t\t\t\t<\/div>\n\t\t\t\t<div class=\"elementor-element elementor-element-f974fc3 elementor-widget elementor-widget-text-editor\" data-id=\"f974fc3\" data-element_type=\"widget\" data-e-type=\"widget\" data-widget_type=\"text-editor.default\">\n\t\t\t\t<div class=\"elementor-widget-container\">\n\t\t\t\t\t\t\t\t\t<p>Monting Monta\u017ea hat f\u00fcr das Stahlwerk der Salzgiter Flachstahl GmbH in Salzgitter folgende Arbeiten ausgef\u00fchrt:<\/p><ul><li><strong>Vorbereitung und Montage der Isolierung von Rohrdampfleitungen<\/strong><\/li><li><strong>\u00dcberholung von Isolationsumrichtern, die im Stahlproduktionsprozess verwendet werden<\/strong>.<\/li><li><strong>Isolierung und \u00dcberholung von Tanks, Beh\u00e4ltern, Rohren und Rohrformst\u00fccken:<\/strong><\/li><li><strong>Vorbereitung und Montage der Anlagenisolierung und des Filterteils der Sinteranlage.<\/strong><\/li><\/ul><p>Die durchgef\u00fchrten Arbeiten trugen dazu bei, die Effizienz und Sicherheit des Stahlwerks der Salzgiter Flachstahl GmbH zu verbessern.<\/p>\t\t\t\t\t\t\t\t<\/div>\n\t\t\t\t<\/div>\n\t\t\t\t<div class=\"elementor-element elementor-element-06d22a9 elementor-widget elementor-widget-spacer\" data-id=\"06d22a9\" data-element_type=\"widget\" data-e-type=\"widget\" data-widget_type=\"spacer.default\">\n\t\t\t\t<div class=\"elementor-widget-container\">\n\t\t\t\t\t\t\t<div class=\"elementor-spacer\">\n\t\t\t<div class=\"elementor-spacer-inner\"><\/div>\n\t\t<\/div>\n\t\t\t\t\t\t<\/div>\n\t\t\t\t<\/div>\n\t\t\t\t<div class=\"elementor-element elementor-element-d7aa8e5 elementor-widget elementor-widget-gallery\" data-id=\"d7aa8e5\" data-element_type=\"widget\" data-e-type=\"widget\" data-settings=\"{&quot;lazyload&quot;:&quot;yes&quot;,&quot;gallery_layout&quot;:&quot;grid&quot;,&quot;columns&quot;:4,&quot;columns_tablet&quot;:2,&quot;columns_mobile&quot;:1,&quot;gap&quot;:{&quot;unit&quot;:&quot;px&quot;,&quot;size&quot;:10,&quot;sizes&quot;:[]},&quot;gap_tablet&quot;:{&quot;unit&quot;:&quot;px&quot;,&quot;size&quot;:10,&quot;sizes&quot;:[]},&quot;gap_mobile&quot;:{&quot;unit&quot;:&quot;px&quot;,&quot;size&quot;:10,&quot;sizes&quot;:[]},&quot;link_to&quot;:&quot;file&quot;,&quot;aspect_ratio&quot;:&quot;3:2&quot;,&quot;overlay_background&quot;:&quot;yes&quot;,&quot;content_hover_animation&quot;:&quot;fade-in&quot;}\" data-widget_type=\"gallery.default\">\n\t\t\t\t<div class=\"elementor-widget-container\">\n\t\t\t\t\t\t\t<div class=\"elementor-gallery__container\">\n\t\t\t\t\t\t\t<a class=\"e-gallery-item elementor-gallery-item elementor-animated-content\" href=\"https:\/\/montingmontaza.com\/wp-content\/uploads\/2025\/03\/20241021_144930.webp\">\n\t\t\t\t\t<div class=\"e-gallery-image elementor-gallery-item__image\" data-thumbnail=\"https:\/\/montingmontaza.com\/wp-content\/uploads\/2025\/03\/20241021_144930-300x139.webp\" data-width=\"300\" data-height=\"139\" aria-label=\"\" role=\"img\" ><\/div>\n\t\t\t\t\t\t\t\t\t\t\t<div class=\"elementor-gallery-item__overlay\"><\/div>\n\t\t\t\t\t\t\t\t\t\t\t\t\t\t<\/a>\n\t\t\t\t\t\t\t<a class=\"e-gallery-item elementor-gallery-item elementor-animated-content\" href=\"https:\/\/montingmontaza.com\/wp-content\/uploads\/2025\/03\/20241021_144947.webp\">\n\t\t\t\t\t<div class=\"e-gallery-image elementor-gallery-item__image\" data-thumbnail=\"https:\/\/montingmontaza.com\/wp-content\/uploads\/2025\/03\/20241021_144947-300x139.webp\" data-width=\"300\" data-height=\"139\" aria-label=\"\" role=\"img\" ><\/div>\n\t\t\t\t\t\t\t\t\t\t\t<div class=\"elementor-gallery-item__overlay\"><\/div>\n\t\t\t\t\t\t\t\t\t\t\t\t\t\t<\/a>\n\t\t\t\t\t\t\t<a class=\"e-gallery-item elementor-gallery-item elementor-animated-content\" href=\"https:\/\/montingmontaza.com\/wp-content\/uploads\/2025\/03\/20241021_145013.webp\">\n\t\t\t\t\t<div class=\"e-gallery-image elementor-gallery-item__image\" data-thumbnail=\"https:\/\/montingmontaza.com\/wp-content\/uploads\/2025\/03\/20241021_145013-300x139.webp\" data-width=\"300\" data-height=\"139\" aria-label=\"\" role=\"img\" ><\/div>\n\t\t\t\t\t\t\t\t\t\t\t<div class=\"elementor-gallery-item__overlay\"><\/div>\n\t\t\t\t\t\t\t\t\t\t\t\t\t\t<\/a>\n\t\t\t\t\t\t\t<a class=\"e-gallery-item elementor-gallery-item elementor-animated-content\" href=\"https:\/\/montingmontaza.com\/wp-content\/uploads\/2025\/03\/20241021_145050.webp\">\n\t\t\t\t\t<div class=\"e-gallery-image elementor-gallery-item__image\" data-thumbnail=\"https:\/\/montingmontaza.com\/wp-content\/uploads\/2025\/03\/20241021_145050-300x139.webp\" data-width=\"300\" data-height=\"139\" aria-label=\"\" role=\"img\" ><\/div>\n\t\t\t\t\t\t\t\t\t\t\t<div class=\"elementor-gallery-item__overlay\"><\/div>\n\t\t\t\t\t\t\t\t\t\t\t\t\t\t<\/a>\n\t\t\t\t\t\t\t<a class=\"e-gallery-item elementor-gallery-item elementor-animated-content\" href=\"https:\/\/montingmontaza.com\/wp-content\/uploads\/2025\/03\/20241021_145117.webp\">\n\t\t\t\t\t<div class=\"e-gallery-image elementor-gallery-item__image\" data-thumbnail=\"https:\/\/montingmontaza.com\/wp-content\/uploads\/2025\/03\/20241021_145117-139x300.webp\" data-width=\"139\" data-height=\"300\" aria-label=\"\" role=\"img\" ><\/div>\n\t\t\t\t\t\t\t\t\t\t\t<div class=\"elementor-gallery-item__overlay\"><\/div>\n\t\t\t\t\t\t\t\t\t\t\t\t\t\t<\/a>\n\t\t\t\t\t\t\t<a class=\"e-gallery-item elementor-gallery-item elementor-animated-content\" href=\"https:\/\/montingmontaza.com\/wp-content\/uploads\/2025\/03\/20241021_145237-e1749474813290.webp\">\n\t\t\t\t\t<div class=\"e-gallery-image elementor-gallery-item__image\" data-thumbnail=\"https:\/\/montingmontaza.com\/wp-content\/uploads\/2025\/03\/20241021_145237-300x139.webp\" data-width=\"300\" data-height=\"139\" aria-label=\"\" role=\"img\" ><\/div>\n\t\t\t\t\t\t\t\t\t\t\t<div class=\"elementor-gallery-item__overlay\"><\/div>\n\t\t\t\t\t\t\t\t\t\t\t\t\t\t<\/a>\n\t\t\t\t\t<\/div>\n\t\t\t\t\t<\/div>\n\t\t\t\t<\/div>\n\t\t\t\t<div class=\"elementor-element elementor-element-02de21a elementor-widget elementor-widget-spacer\" data-id=\"02de21a\" data-element_type=\"widget\" data-e-type=\"widget\" data-widget_type=\"spacer.default\">\n\t\t\t\t<div class=\"elementor-widget-container\">\n\t\t\t\t\t\t\t<div class=\"elementor-spacer\">\n\t\t\t<div class=\"elementor-spacer-inner\"><\/div>\n\t\t<\/div>\n\t\t\t\t\t\t<\/div>\n\t\t\t\t<\/div>\n\t\t\t\t\t<\/div>\n\t\t<\/div>\n\t\t\t\t\t<\/div>\n\t\t<\/section>\n\t\t\t\t<\/div>\n\t\t\n    <div class=\"xs_social_share_widget xs_share_url after_content \t\tmain_content  wslu-style-1 wslu-share-box-shaped wslu-fill-colored wslu-none wslu-share-horizontal wslu-theme-font-no wslu-main_content\">\n\n\t\t\n        <ul>\n\t\t\t        <\/ul>\n    <\/div> \n","protected":false},"excerpt":{"rendered":"<p>W\u00e4rmed\u00e4mmung von Rohrleitungen &#8211; Mercedes-Benz Campus in Stuttgart Monting Monta\u017ea hat f\u00fcr das Stahlwerk der Salzgiter Flachstahl GmbH in Salzgitter folgende Arbeiten ausgef\u00fchrt: Vorbereitung und Montage der Isolierung von Rohrdampfleitungen \u00dcberholung von Isolationsumrichtern, die im Stahlproduktionsprozess verwendet werden. Isolierung und \u00dcberholung von Tanks, Beh\u00e4ltern, Rohren und Rohrformst\u00fccken: Vorbereitung und Montage<\/p>\n","protected":false},"author":1,"featured_media":6657,"parent":0,"menu_order":0,"comment_status":"closed","ping_status":"closed","template":"","meta":{"footnotes":""},"class_list":["post-7694","page","type-page","status-publish","has-post-thumbnail","hentry"],"_links":{"self":[{"href":"https:\/\/montingmontaza.com\/de\/index.php\/wp-json\/wp\/v2\/pages\/7694","targetHints":{"allow":["GET"]}}],"collection":[{"href":"https:\/\/montingmontaza.com\/de\/index.php\/wp-json\/wp\/v2\/pages"}],"about":[{"href":"https:\/\/montingmontaza.com\/de\/index.php\/wp-json\/wp\/v2\/types\/page"}],"author":[{"embeddable":true,"href":"https:\/\/montingmontaza.com\/de\/index.php\/wp-json\/wp\/v2\/users\/1"}],"replies":[{"embeddable":true,"href":"https:\/\/montingmontaza.com\/de\/index.php\/wp-json\/wp\/v2\/comments?post=7694"}],"version-history":[{"count":1,"href":"https:\/\/montingmontaza.com\/de\/index.php\/wp-json\/wp\/v2\/pages\/7694\/revisions"}],"predecessor-version":[{"id":7695,"href":"https:\/\/montingmontaza.com\/de\/index.php\/wp-json\/wp\/v2\/pages\/7694\/revisions\/7695"}],"wp:featuredmedia":[{"embeddable":true,"href":"https:\/\/montingmontaza.com\/de\/index.php\/wp-json\/wp\/v2\/media\/6657"}],"wp:attachment":[{"href":"https:\/\/montingmontaza.com\/de\/index.php\/wp-json\/wp\/v2\/media?parent=7694"}],"curies":[{"name":"wp","href":"https:\/\/api.w.org\/{rel}","templated":true}]}}