{"id":7678,"date":"2025-06-09T12:27:11","date_gmt":"2025-06-09T12:27:11","guid":{"rendered":"https:\/\/montingmontaza.com\/index.php\/campusbau-in-moenchengladbach\/"},"modified":"2025-06-09T14:31:44","modified_gmt":"2025-06-09T14:31:44","slug":"campusbau-in-moenchengladbach","status":"publish","type":"page","link":"https:\/\/montingmontaza.com\/de\/index.php\/campusbau-in-moenchengladbach\/","title":{"rendered":"Campusbau in M\u00f6nchengladbach"},"content":{"rendered":"\t\t<div data-elementor-type=\"wp-page\" data-elementor-id=\"7678\" class=\"elementor elementor-7678 elementor-7541\" data-elementor-post-type=\"page\">\n\t\t\t\t<div class=\"elementor-element elementor-element-4beb150 e-flex e-con-boxed e-con e-parent\" data-id=\"4beb150\" data-element_type=\"container\" data-e-type=\"container\">\n\t\t\t\t\t<div class=\"e-con-inner\">\n\t\t\t\t<div class=\"elementor-element elementor-element-154109e elementor-widget elementor-widget-image\" data-id=\"154109e\" data-element_type=\"widget\" data-e-type=\"widget\" data-widget_type=\"image.default\">\n\t\t\t\t<div class=\"elementor-widget-container\">\n\t\t\t\t\t\t\t\t\t\t\t\t\t\t\t<img fetchpriority=\"high\" decoding=\"async\" width=\"1024\" height=\"683\" src=\"https:\/\/montingmontaza.com\/wp-content\/uploads\/2025\/03\/3-1-1024x683.webp\" class=\"attachment-large size-large wp-image-6685\" alt=\"\" srcset=\"https:\/\/montingmontaza.com\/wp-content\/uploads\/2025\/03\/3-1-1024x683.webp 1024w, https:\/\/montingmontaza.com\/wp-content\/uploads\/2025\/03\/3-1-300x200.webp 300w, https:\/\/montingmontaza.com\/wp-content\/uploads\/2025\/03\/3-1-768x512.webp 768w, https:\/\/montingmontaza.com\/wp-content\/uploads\/2025\/03\/3-1.webp 1200w\" sizes=\"(max-width: 1024px) 100vw, 1024px\" \/>\t\t\t\t\t\t\t\t\t\t\t\t\t\t\t<\/div>\n\t\t\t\t<\/div>\n\t\t\t\t\t<\/div>\n\t\t\t\t<\/div>\n\t\t\t\t<section class=\"elementor-section elementor-top-section elementor-element elementor-element-778eeaa elementor-section-boxed elementor-section-height-default elementor-section-height-default\" data-id=\"778eeaa\" data-element_type=\"section\" data-e-type=\"section\">\n\t\t\t\t\t\t<div class=\"elementor-container elementor-column-gap-default\">\n\t\t\t\t\t<div class=\"elementor-column elementor-col-100 elementor-top-column elementor-element elementor-element-f46910a\" data-id=\"f46910a\" data-element_type=\"column\" data-e-type=\"column\">\n\t\t\t<div class=\"elementor-widget-wrap elementor-element-populated\">\n\t\t\t\t\t\t<div class=\"elementor-element elementor-element-fdb89af elementor-widget elementor-widget-spacer\" data-id=\"fdb89af\" data-element_type=\"widget\" data-e-type=\"widget\" data-widget_type=\"spacer.default\">\n\t\t\t\t<div class=\"elementor-widget-container\">\n\t\t\t\t\t\t\t<div class=\"elementor-spacer\">\n\t\t\t<div class=\"elementor-spacer-inner\"><\/div>\n\t\t<\/div>\n\t\t\t\t\t\t<\/div>\n\t\t\t\t<\/div>\n\t\t\t\t<div class=\"elementor-element elementor-element-9c050b2 elementor-widget elementor-widget-mae-post-content-title\" data-id=\"9c050b2\" data-element_type=\"widget\" data-e-type=\"widget\" data-widget_type=\"mae-post-content-title.default\">\n\t\t\t\t<div class=\"elementor-widget-container\">\n\t\t\t\t\t<div class=\"hentry\"><h1 class=\"post-title\">Footer<\/h1><\/div>\t\t\t\t<\/div>\n\t\t\t\t<\/div>\n\t\t\t\t<div class=\"elementor-element elementor-element-d40bef6 elementor-widget elementor-widget-text-editor\" data-id=\"d40bef6\" data-element_type=\"widget\" data-e-type=\"widget\" data-widget_type=\"text-editor.default\">\n\t\t\t\t<div class=\"elementor-widget-container\">\n\t\t\t\t\t\t\t\t\t<p>SMS Campus ist ein bedeutendes Projekt der SMS group in M\u00f6nchengladbach, und Monting Monta\u017ea hat einen bedeutenden Teil der Arbeit bei der Implementierung von Elektroinstallationen und unterst\u00fctzenden Systemen geleistet. Hier ist eine Zusammenfassung der geleisteten Arbeit:<\/p><ol><li><strong>Elektroinstallationen<\/strong>: Monting Monta\u017ea beteiligte sich an der Installation kompletter Elektroinstallationen, einschlie\u00dflich Stark- und Schwachstrom.<\/li><li><strong>Schaltschr\u00e4nke und Anschl\u00fcsse<\/strong>: Monting Monta\u017ea installierte Schaltschr\u00e4nke und sorgte f\u00fcr deren Anschluss an die Elektroinstallationen im Geb\u00e4ude.<\/li><li><strong>Beleuchtung<\/strong>: Das Geb\u00e4ude ist mit einer Innen- und Au\u00dfenbeleuchtung ausgestattet, die eine ausreichende Sicht und eine erh\u00f6hte Energieeffizienz des gesamten Systems gew\u00e4hrleistet.<\/li><li><strong>Strommessung<\/strong>: Monting Monta\u017ea hat Messungen von Niedrig- und Starkstrom durchgef\u00fchrt, was f\u00fcr die \u00dcberwachung des Verbrauchs und die Einhaltung aller vorgeschriebenen Normen und Gesetze wichtig ist.<\/li><li><strong>Inspektionsdokumentation<\/strong>: Nach Abschluss aller Arbeiten hat Monting Monta\u017ea eine Auditdokumentation erstellt, die sicherstellt, dass alle Arbeiten in \u00dcbereinstimmung mit den geltenden Normen und Standards durchgef\u00fchrt werden.<\/li><\/ol><p>Dieses Projekt zeigt ein hohes Ma\u00df an technischer Kompetenz und Detailgenauigkeit bei der Realisierung von Elektroinstallationen und allen damit verbundenen Systemen in einer komplexen Anlage wie SMS Kampus.<\/p><p> <\/p>\t\t\t\t\t\t\t\t<\/div>\n\t\t\t\t<\/div>\n\t\t\t\t<div class=\"elementor-element elementor-element-21fbaad elementor-widget elementor-widget-spacer\" data-id=\"21fbaad\" data-element_type=\"widget\" data-e-type=\"widget\" data-widget_type=\"spacer.default\">\n\t\t\t\t<div class=\"elementor-widget-container\">\n\t\t\t\t\t\t\t<div class=\"elementor-spacer\">\n\t\t\t<div class=\"elementor-spacer-inner\"><\/div>\n\t\t<\/div>\n\t\t\t\t\t\t<\/div>\n\t\t\t\t<\/div>\n\t\t\t\t<div class=\"elementor-element elementor-element-922e3cc elementor-widget elementor-widget-gallery\" data-id=\"922e3cc\" data-element_type=\"widget\" data-e-type=\"widget\" data-settings=\"{&quot;lazyload&quot;:&quot;yes&quot;,&quot;gallery_layout&quot;:&quot;grid&quot;,&quot;columns&quot;:4,&quot;columns_tablet&quot;:2,&quot;columns_mobile&quot;:1,&quot;gap&quot;:{&quot;unit&quot;:&quot;px&quot;,&quot;size&quot;:10,&quot;sizes&quot;:[]},&quot;gap_tablet&quot;:{&quot;unit&quot;:&quot;px&quot;,&quot;size&quot;:10,&quot;sizes&quot;:[]},&quot;gap_mobile&quot;:{&quot;unit&quot;:&quot;px&quot;,&quot;size&quot;:10,&quot;sizes&quot;:[]},&quot;link_to&quot;:&quot;file&quot;,&quot;aspect_ratio&quot;:&quot;3:2&quot;,&quot;overlay_background&quot;:&quot;yes&quot;,&quot;content_hover_animation&quot;:&quot;fade-in&quot;}\" data-widget_type=\"gallery.default\">\n\t\t\t\t<div class=\"elementor-widget-container\">\n\t\t\t\t\t\t\t<div class=\"elementor-gallery__container\">\n\t\t\t\t\t\t\t<a class=\"e-gallery-item elementor-gallery-item elementor-animated-content\" href=\"https:\/\/montingmontaza.com\/wp-content\/uploads\/2025\/03\/20241107_130825.webp\">\n\t\t\t\t\t<div class=\"e-gallery-image elementor-gallery-item__image\" data-thumbnail=\"https:\/\/montingmontaza.com\/wp-content\/uploads\/2025\/03\/20241107_130825-225x300.webp\" data-width=\"225\" data-height=\"300\" aria-label=\"\" role=\"img\" ><\/div>\n\t\t\t\t\t\t\t\t\t\t\t<div class=\"elementor-gallery-item__overlay\"><\/div>\n\t\t\t\t\t\t\t\t\t\t\t\t\t\t<\/a>\n\t\t\t\t\t\t\t<a class=\"e-gallery-item elementor-gallery-item elementor-animated-content\" href=\"https:\/\/montingmontaza.com\/wp-content\/uploads\/2025\/03\/20241107_123455.webp\">\n\t\t\t\t\t<div class=\"e-gallery-image elementor-gallery-item__image\" data-thumbnail=\"https:\/\/montingmontaza.com\/wp-content\/uploads\/2025\/03\/20241107_123455-225x300.webp\" data-width=\"225\" data-height=\"300\" aria-label=\"\" role=\"img\" ><\/div>\n\t\t\t\t\t\t\t\t\t\t\t<div class=\"elementor-gallery-item__overlay\"><\/div>\n\t\t\t\t\t\t\t\t\t\t\t\t\t\t<\/a>\n\t\t\t\t\t\t\t<a class=\"e-gallery-item elementor-gallery-item elementor-animated-content\" href=\"https:\/\/montingmontaza.com\/wp-content\/uploads\/2025\/03\/20241107_123435.webp\">\n\t\t\t\t\t<div class=\"e-gallery-image elementor-gallery-item__image\" data-thumbnail=\"https:\/\/montingmontaza.com\/wp-content\/uploads\/2025\/03\/20241107_123435-225x300.webp\" data-width=\"225\" data-height=\"300\" aria-label=\"\" role=\"img\" ><\/div>\n\t\t\t\t\t\t\t\t\t\t\t<div class=\"elementor-gallery-item__overlay\"><\/div>\n\t\t\t\t\t\t\t\t\t\t\t\t\t\t<\/a>\n\t\t\t\t\t\t\t<a class=\"e-gallery-item elementor-gallery-item elementor-animated-content\" href=\"https:\/\/montingmontaza.com\/wp-content\/uploads\/2025\/03\/20241107_123419.webp\">\n\t\t\t\t\t<div class=\"e-gallery-image elementor-gallery-item__image\" data-thumbnail=\"https:\/\/montingmontaza.com\/wp-content\/uploads\/2025\/03\/20241107_123419-225x300.webp\" data-width=\"225\" data-height=\"300\" aria-label=\"\" role=\"img\" ><\/div>\n\t\t\t\t\t\t\t\t\t\t\t<div class=\"elementor-gallery-item__overlay\"><\/div>\n\t\t\t\t\t\t\t\t\t\t\t\t\t\t<\/a>\n\t\t\t\t\t\t\t<a class=\"e-gallery-item elementor-gallery-item elementor-animated-content\" href=\"https:\/\/montingmontaza.com\/wp-content\/uploads\/2025\/03\/20241107_123303.webp\">\n\t\t\t\t\t<div class=\"e-gallery-image elementor-gallery-item__image\" data-thumbnail=\"https:\/\/montingmontaza.com\/wp-content\/uploads\/2025\/03\/20241107_123303-300x225.webp\" data-width=\"300\" data-height=\"225\" aria-label=\"\" role=\"img\" ><\/div>\n\t\t\t\t\t\t\t\t\t\t\t<div class=\"elementor-gallery-item__overlay\"><\/div>\n\t\t\t\t\t\t\t\t\t\t\t\t\t\t<\/a>\n\t\t\t\t\t\t\t<a class=\"e-gallery-item elementor-gallery-item elementor-animated-content\" href=\"https:\/\/montingmontaza.com\/wp-content\/uploads\/2025\/03\/20241107_123250.webp\">\n\t\t\t\t\t<div class=\"e-gallery-image elementor-gallery-item__image\" data-thumbnail=\"https:\/\/montingmontaza.com\/wp-content\/uploads\/2025\/03\/20241107_123250-300x225.webp\" data-width=\"300\" data-height=\"225\" aria-label=\"\" role=\"img\" ><\/div>\n\t\t\t\t\t\t\t\t\t\t\t<div class=\"elementor-gallery-item__overlay\"><\/div>\n\t\t\t\t\t\t\t\t\t\t\t\t\t\t<\/a>\n\t\t\t\t\t\t\t<a class=\"e-gallery-item elementor-gallery-item elementor-animated-content\" href=\"https:\/\/montingmontaza.com\/wp-content\/uploads\/2025\/03\/20241107_123205.webp\">\n\t\t\t\t\t<div class=\"e-gallery-image elementor-gallery-item__image\" data-thumbnail=\"https:\/\/montingmontaza.com\/wp-content\/uploads\/2025\/03\/20241107_123205-225x300.webp\" data-width=\"225\" data-height=\"300\" aria-label=\"\" role=\"img\" ><\/div>\n\t\t\t\t\t\t\t\t\t\t\t<div class=\"elementor-gallery-item__overlay\"><\/div>\n\t\t\t\t\t\t\t\t\t\t\t\t\t\t<\/a>\n\t\t\t\t\t\t\t<a class=\"e-gallery-item elementor-gallery-item elementor-animated-content\" href=\"https:\/\/montingmontaza.com\/wp-content\/uploads\/2025\/03\/20241107_123147.webp\">\n\t\t\t\t\t<div class=\"e-gallery-image elementor-gallery-item__image\" data-thumbnail=\"https:\/\/montingmontaza.com\/wp-content\/uploads\/2025\/03\/20241107_123147-225x300.webp\" data-width=\"225\" data-height=\"300\" aria-label=\"\" role=\"img\" ><\/div>\n\t\t\t\t\t\t\t\t\t\t\t<div class=\"elementor-gallery-item__overlay\"><\/div>\n\t\t\t\t\t\t\t\t\t\t\t\t\t\t<\/a>\n\t\t\t\t\t\t\t<a class=\"e-gallery-item elementor-gallery-item elementor-animated-content\" href=\"https:\/\/montingmontaza.com\/wp-content\/uploads\/2025\/03\/3a.webp\">\n\t\t\t\t\t<div class=\"e-gallery-image elementor-gallery-item__image\" data-thumbnail=\"https:\/\/montingmontaza.com\/wp-content\/uploads\/2025\/03\/3a-300x225.webp\" data-width=\"300\" data-height=\"225\" aria-label=\"\" role=\"img\" ><\/div>\n\t\t\t\t\t\t\t\t\t\t\t<div class=\"elementor-gallery-item__overlay\"><\/div>\n\t\t\t\t\t\t\t\t\t\t\t\t\t\t<\/a>\n\t\t\t\t\t\t\t<a class=\"e-gallery-item elementor-gallery-item elementor-animated-content\" href=\"https:\/\/montingmontaza.com\/wp-content\/uploads\/2025\/03\/3-1.webp\">\n\t\t\t\t\t<div class=\"e-gallery-image elementor-gallery-item__image\" data-thumbnail=\"https:\/\/montingmontaza.com\/wp-content\/uploads\/2025\/03\/3-1-300x200.webp\" data-width=\"300\" data-height=\"200\" aria-label=\"\" role=\"img\" ><\/div>\n\t\t\t\t\t\t\t\t\t\t\t<div class=\"elementor-gallery-item__overlay\"><\/div>\n\t\t\t\t\t\t\t\t\t\t\t\t\t\t<\/a>\n\t\t\t\t\t<\/div>\n\t\t\t\t\t<\/div>\n\t\t\t\t<\/div>\n\t\t\t\t<div class=\"elementor-element elementor-element-426e95e elementor-widget elementor-widget-spacer\" data-id=\"426e95e\" data-element_type=\"widget\" data-e-type=\"widget\" data-widget_type=\"spacer.default\">\n\t\t\t\t<div class=\"elementor-widget-container\">\n\t\t\t\t\t\t\t<div class=\"elementor-spacer\">\n\t\t\t<div class=\"elementor-spacer-inner\"><\/div>\n\t\t<\/div>\n\t\t\t\t\t\t<\/div>\n\t\t\t\t<\/div>\n\t\t\t\t\t<\/div>\n\t\t<\/div>\n\t\t\t\t\t<\/div>\n\t\t<\/section>\n\t\t\t\t<\/div>\n\t\t\n    <div class=\"xs_social_share_widget xs_share_url after_content \t\tmain_content  wslu-style-1 wslu-share-box-shaped wslu-fill-colored wslu-none wslu-share-horizontal wslu-theme-font-no wslu-main_content\">\n\n\t\t\n        <ul>\n\t\t\t        <\/ul>\n    <\/div> \n","protected":false},"excerpt":{"rendered":"<p>W\u00e4rmed\u00e4mmung von Rohrleitungen &#8211; Mercedes-Benz Campus in Stuttgart SMS Campus ist ein bedeutendes Projekt der SMS group in M\u00f6nchengladbach, und Monting Monta\u017ea hat einen bedeutenden Teil der Arbeit bei der Implementierung von Elektroinstallationen und unterst\u00fctzenden Systemen geleistet. Hier ist eine Zusammenfassung der geleisteten Arbeit: Elektroinstallationen: Monting Monta\u017ea beteiligte sich an<\/p>\n","protected":false},"author":1,"featured_media":6681,"parent":0,"menu_order":0,"comment_status":"closed","ping_status":"closed","template":"","meta":{"footnotes":""},"class_list":["post-7678","page","type-page","status-publish","has-post-thumbnail","hentry"],"_links":{"self":[{"href":"https:\/\/montingmontaza.com\/de\/index.php\/wp-json\/wp\/v2\/pages\/7678","targetHints":{"allow":["GET"]}}],"collection":[{"href":"https:\/\/montingmontaza.com\/de\/index.php\/wp-json\/wp\/v2\/pages"}],"about":[{"href":"https:\/\/montingmontaza.com\/de\/index.php\/wp-json\/wp\/v2\/types\/page"}],"author":[{"embeddable":true,"href":"https:\/\/montingmontaza.com\/de\/index.php\/wp-json\/wp\/v2\/users\/1"}],"replies":[{"embeddable":true,"href":"https:\/\/montingmontaza.com\/de\/index.php\/wp-json\/wp\/v2\/comments?post=7678"}],"version-history":[{"count":1,"href":"https:\/\/montingmontaza.com\/de\/index.php\/wp-json\/wp\/v2\/pages\/7678\/revisions"}],"predecessor-version":[{"id":7679,"href":"https:\/\/montingmontaza.com\/de\/index.php\/wp-json\/wp\/v2\/pages\/7678\/revisions\/7679"}],"wp:featuredmedia":[{"embeddable":true,"href":"https:\/\/montingmontaza.com\/de\/index.php\/wp-json\/wp\/v2\/media\/6681"}],"wp:attachment":[{"href":"https:\/\/montingmontaza.com\/de\/index.php\/wp-json\/wp\/v2\/media?parent=7678"}],"curies":[{"name":"wp","href":"https:\/\/api.w.org\/{rel}","templated":true}]}}