{"id":7330,"date":"2025-06-07T09:31:44","date_gmt":"2025-06-07T09:31:44","guid":{"rendered":"https:\/\/montingmontaza.com\/index.php\/gipskarton\/"},"modified":"2025-06-12T13:26:08","modified_gmt":"2025-06-12T13:26:08","slug":"trockenbau","status":"publish","type":"page","link":"https:\/\/montingmontaza.com\/de\/index.php\/trockenbau\/","title":{"rendered":"Trockenbau"},"content":{"rendered":"\t\t<div data-elementor-type=\"wp-page\" data-elementor-id=\"7330\" class=\"elementor elementor-7330 elementor-7265\" data-elementor-post-type=\"page\">\n\t\t\t\t<div class=\"elementor-element elementor-element-40b55fd e-flex e-con-boxed e-con e-parent\" data-id=\"40b55fd\" data-element_type=\"container\" data-e-type=\"container\" data-settings=\"{&quot;background_background&quot;:&quot;classic&quot;}\">\n\t\t\t\t\t<div class=\"e-con-inner\">\n\t\t\t\t<div class=\"elementor-element elementor-element-5461779 elementor-widget elementor-widget-heading\" data-id=\"5461779\" data-element_type=\"widget\" data-e-type=\"widget\" data-widget_type=\"heading.default\">\n\t\t\t\t<div class=\"elementor-widget-container\">\n\t\t\t\t\t<h2 class=\"elementor-heading-title elementor-size-default\">Trockenbau<\/h2>\t\t\t\t<\/div>\n\t\t\t\t<\/div>\n\t\t\t\t\t<\/div>\n\t\t\t\t<\/div>\n\t\t\t\t<section class=\"elementor-section elementor-top-section elementor-element elementor-element-7cda19c elementor-reverse-tablet elementor-reverse-mobile elementor-section-boxed elementor-section-height-default elementor-section-height-default\" data-id=\"7cda19c\" data-element_type=\"section\" data-e-type=\"section\">\n\t\t\t\t\t\t<div class=\"elementor-container elementor-column-gap-default\">\n\t\t\t\t\t<div class=\"elementor-column elementor-col-50 elementor-top-column elementor-element elementor-element-82e7c38\" data-id=\"82e7c38\" data-element_type=\"column\" data-e-type=\"column\">\n\t\t\t<div class=\"elementor-widget-wrap elementor-element-populated\">\n\t\t\t\t\t\t<section class=\"elementor-section elementor-inner-section elementor-element elementor-element-cc1df86 elementor-section-boxed elementor-section-height-default elementor-section-height-default\" data-id=\"cc1df86\" data-element_type=\"section\" data-e-type=\"section\" data-settings=\"{&quot;background_background&quot;:&quot;classic&quot;}\">\n\t\t\t\t\t\t<div class=\"elementor-container elementor-column-gap-no\">\n\t\t\t\t\t<div class=\"elementor-column elementor-col-100 elementor-inner-column elementor-element elementor-element-41dd521\" data-id=\"41dd521\" data-element_type=\"column\" data-e-type=\"column\">\n\t\t\t<div class=\"elementor-widget-wrap elementor-element-populated\">\n\t\t\t\t\t\t<div class=\"elementor-element elementor-element-7a9af7e icon-position-right list-item-space-between icon-default elementor-widget elementor-widget-mae-list\" data-id=\"7a9af7e\" data-element_type=\"widget\" data-e-type=\"widget\" data-widget_type=\"mae-list.default\">\n\t\t\t\t<div class=\"elementor-widget-container\">\n\t\t\t\t\t\n\t\t<div class=\"master-list\">\n\t\t\t\t\t\t\t<div class=\"master-icon-text list-item\">\n\t\t\t\t    \n\t\t\t        <div class=\"content-wrap\">\n\t\t\t            <a href=\"https:\/\/montingmontaza.com\/index.php\/celicne-konstrukcije\/\">Stahlkonstruktionen<\/a>\t\t\t        <\/div>\n\t\t\t        \n\t\t\t            \t\t\t        <div class=\"icon-wrap\">\n    \t\t\t\t        <i aria-hidden=\"true\" class=\"ci ci-right-arrow2\"><\/i>    \t\t\t        <\/div> \n    \t\t\t    \t\t\t    <\/div>\n\t\t    \t\t\t\t<div class=\"master-icon-text list-item\">\n\t\t\t\t    \n\t\t\t        <div class=\"content-wrap\">\n\t\t\t            <a href=\"https:\/\/montingmontaza.com\/index.php\/elektromontaza\/\">Elektromontage<\/a>\t\t\t        <\/div>\n\t\t\t        \n\t\t\t            \t\t\t        <div class=\"icon-wrap\">\n    \t\t\t\t        <i aria-hidden=\"true\" class=\"ci ci-right-arrow2\"><\/i>    \t\t\t        <\/div> \n    \t\t\t    \t\t\t    <\/div>\n\t\t    \t\t\t\t<div class=\"master-icon-text list-item\">\n\t\t\t\t    \n\t\t\t        <div class=\"content-wrap\">\n\t\t\t            <a href=\"https:\/\/montingmontaza.com\/index.php\/termoizolaterski-radovi\/\">W\u00e4rmeisolierungsarbeiten<\/a>\t\t\t        <\/div>\n\t\t\t        \n\t\t\t            \t\t\t        <div class=\"icon-wrap\">\n    \t\t\t\t        <i aria-hidden=\"true\" class=\"ci ci-right-arrow2\"><\/i>    \t\t\t        <\/div> \n    \t\t\t    \t\t\t    <\/div>\n\t\t    \t\t\t\t<div class=\"master-icon-text list-item\">\n\t\t\t\t    \n\t\t\t        <div class=\"content-wrap\">\n\t\t\t            <a href=\"https:\/\/montingmontaza.com\/index.php\/suva-gradnja\/\">Trockenbau<\/a>\t\t\t        <\/div>\n\t\t\t        \n\t\t\t            \t\t\t        <div class=\"icon-wrap\">\n    \t\t\t\t        <i aria-hidden=\"true\" class=\"ci ci-right-arrow2\"><\/i>    \t\t\t        <\/div> \n    \t\t\t    \t\t\t    <\/div>\n\t\t    \t\t<\/div>\n\t\t\t\t\t<\/div>\n\t\t\t\t<\/div>\n\t\t\t\t\t<\/div>\n\t\t<\/div>\n\t\t\t\t\t<\/div>\n\t\t<\/section>\n\t\t\t\t<section class=\"elementor-section elementor-inner-section elementor-element elementor-element-3a0fa00 elementor-section-boxed elementor-section-height-default elementor-section-height-default\" data-id=\"3a0fa00\" data-element_type=\"section\" data-e-type=\"section\">\n\t\t\t\t\t\t<div class=\"elementor-container elementor-column-gap-no\">\n\t\t\t\t\t<div class=\"elementor-column elementor-col-100 elementor-inner-column elementor-element elementor-element-02e0aa8\" data-id=\"02e0aa8\" data-element_type=\"column\" data-e-type=\"column\">\n\t\t\t<div class=\"elementor-widget-wrap elementor-element-populated\">\n\t\t\t\t\t\t<div class=\"elementor-element elementor-element-70ed3a9 icon-position-left icon-box-default elementor-widget elementor-widget-mae-icon-box\" data-id=\"70ed3a9\" data-element_type=\"widget\" data-e-type=\"widget\" data-widget_type=\"mae-icon-box.default\">\n\t\t\t\t<div class=\"elementor-widget-container\">\n\t\t\t\t\t                <div class=\"master-icon-box\" >\n                        \n            <div class=\"inner\">\n                <div class=\"icon-wrap\"><div class=\"master-icon\"><svg aria-hidden=\"true\" class=\"e-font-icon-svg e-fas-file-pdf\" viewBox=\"0 0 384 512\" xmlns=\"http:\/\/www.w3.org\/2000\/svg\"><path d=\"M181.9 256.1c-5-16-4.9-46.9-2-46.9 8.4 0 7.6 36.9 2 46.9zm-1.7 47.2c-7.7 20.2-17.3 43.3-28.4 62.7 18.3-7 39-17.2 62.9-21.9-12.7-9.6-24.9-23.4-34.5-40.8zM86.1 428.1c0 .8 13.2-5.4 34.9-40.2-6.7 6.3-29.1 24.5-34.9 40.2zM248 160h136v328c0 13.3-10.7 24-24 24H24c-13.3 0-24-10.7-24-24V24C0 10.7 10.7 0 24 0h200v136c0 13.2 10.8 24 24 24zm-8 171.8c-20-12.2-33.3-29-42.7-53.8 4.5-18.5 11.6-46.6 6.2-64.2-4.7-29.4-42.4-26.5-47.8-6.8-5 18.3-.4 44.1 8.1 77-11.6 27.6-28.7 64.6-40.8 85.8-.1 0-.1.1-.2.1-27.1 13.9-73.6 44.5-54.5 68 5.6 6.9 16 10 21.5 10 17.9 0 35.7-18 61.1-61.8 25.8-8.5 54.1-19.1 79-23.2 21.7 11.8 47.1 19.5 64 19.5 29.2 0 31.2-32 19.7-43.4-13.9-13.6-54.3-9.7-73.6-7.2zM377 105L279 7c-4.5-4.5-10.6-7-17-7h-6v128h128v-6.1c0-6.3-2.5-12.4-7-16.9zm-74.1 255.3c4.1-2.7-2.5-11.9-42.8-9 37.1 15.8 42.8 9 42.8 9z\"><\/path><\/svg><\/div><\/div><a class=\"url-hidden\" href=\"https:\/\/tplabs.co\/disle\/wp-content\/uploads\/2023\/04\/sample.pdf\" download=\"\" target=\"_blank\" rel=\"noopener\"><\/a>\n                <div class=\"text-wrap\">\n                    <h3 class=\"headline-2\">Preuzmite Bro\u0161uru<\/h3><div class=\"desc\">3.9KB<\/div>                <\/div>\n            <\/div>\n\n            <div class=\"bg-static\"><\/div>        <\/div>\n        \t\t\t\t<\/div>\n\t\t\t\t<\/div>\n\t\t\t\t\t<\/div>\n\t\t<\/div>\n\t\t\t\t\t<\/div>\n\t\t<\/section>\n\t\t\t\t<section class=\"elementor-section elementor-inner-section elementor-element elementor-element-3ad53c9 elementor-section-boxed elementor-section-height-default elementor-section-height-default\" data-id=\"3ad53c9\" data-element_type=\"section\" data-e-type=\"section\" data-settings=\"{&quot;background_background&quot;:&quot;classic&quot;}\">\n\t\t\t\t\t\t<div class=\"elementor-container elementor-column-gap-no\">\n\t\t\t\t\t<div class=\"elementor-column elementor-col-100 elementor-inner-column elementor-element elementor-element-97e3b9b\" data-id=\"97e3b9b\" data-element_type=\"column\" data-e-type=\"column\">\n\t\t\t<div class=\"elementor-widget-wrap elementor-element-populated\">\n\t\t\t\t\t\t<div class=\"elementor-element elementor-element-f5aa8eb elementor-widget elementor-widget-heading\" data-id=\"f5aa8eb\" data-element_type=\"widget\" data-e-type=\"widget\" data-widget_type=\"heading.default\">\n\t\t\t\t<div class=\"elementor-widget-container\">\n\t\t\t\t\t<h3 class=\"elementor-heading-title elementor-size-default\">Kontaktieren Sie uns f\u00fcr jede L\u00f6sung<\/h3>\t\t\t\t<\/div>\n\t\t\t\t<\/div>\n\t\t\t\t<div class=\"elementor-element elementor-element-2aa9949 align-center icon-box-default icon-position-top elementor-widget elementor-widget-mae-icon-box\" data-id=\"2aa9949\" data-element_type=\"widget\" data-e-type=\"widget\" data-widget_type=\"mae-icon-box.default\">\n\t\t\t\t<div class=\"elementor-widget-container\">\n\t\t\t\t\t                <div class=\"master-icon-box\" >\n                        \n            <div class=\"inner\">\n                <div class=\"icon-wrap\"><div class=\"master-icon\"><svg xmlns=\"http:\/\/www.w3.org\/2000\/svg\" xml:space=\"preserve\" width=\"682.66669\" height=\"682.66669\" viewBox=\"0 0 682.66669 682.66669\">  <defs id=\"defs3106\">    <clipPath id=\"clipPath3116\">      <path d=\"M 0,512 H 512 V 0 H 0 Z\" id=\"path3114\"><\/path>    <\/clipPath>  <\/defs>  <g id=\"g3108\" transform=\"matrix(1.3333333,0,0,-1.3333333,0,682.66667)\">    <g id=\"g3110\">      <g id=\"g3112\" clip-path=\"url(#clipPath3116)\">        <g id=\"g3118\" transform=\"translate(291.4297,501.8896)\">          <path d=\"M 0,0 C 116.11,0 210.57,-94.46 210.57,-210.569\" style=\"fill:none;stroke:currentColor;stroke-width:20;stroke-linecap:round;stroke-linejoin:round;stroke-miterlimit:10;stroke-dasharray:none;stroke-opacity:1\" id=\"path3120\"><\/path>        <\/g>        <g id=\"g3122\" transform=\"translate(291.4297,441.7305)\">          <path d=\"M 0,0 C 82.931,0 150.41,-67.48 150.41,-150.41\" style=\"fill:none;stroke:currentColor;stroke-width:20;stroke-linecap:round;stroke-linejoin:round;stroke-miterlimit:10;stroke-dasharray:none;stroke-opacity:1\" id=\"path3124\"><\/path>        <\/g>        <g id=\"g3126\" transform=\"translate(291.4297,381.5596)\">          <path d=\"M 0,0 C 49.761,0 90.24,-40.479 90.24,-90.239\" style=\"fill:none;stroke:currentColor;stroke-width:20;stroke-linecap:round;stroke-linejoin:round;stroke-miterlimit:10;stroke-dasharray:none;stroke-opacity:1\" id=\"path3128\"><\/path>        <\/g>        <g id=\"g3130\" transform=\"translate(291.4297,321.4004)\">          <path d=\"M 0,0 C 16.61,0 30.08,-13.471 30.08,-30.08\" style=\"fill:none;stroke:currentColor;stroke-width:20;stroke-linecap:round;stroke-linejoin:round;stroke-miterlimit:10;stroke-dasharray:none;stroke-opacity:1\" id=\"path3132\"><\/path>        <\/g>        <g id=\"g3134\" transform=\"translate(187.418,187.1963)\">          <path d=\"m 0,0 c 0,-5.523 -4.477,-10 -10,-10 -5.522,0 -10,4.477 -10,10 0,5.522 4.478,10 10,10 C -4.477,10 0,5.522 0,0\" style=\"fill:currentColor;fill-opacity:1;fill-rule:nonzero;stroke:none\" id=\"path3136\"><\/path>        <\/g>        <g id=\"g3138\" transform=\"translate(148.1973,221.3926)\">          <path d=\"m 0,0 c -6.344,8.333 -12.356,16.938 -18.018,25.798 -7.439,11.649 -5.189,27.079 4.58,36.849 l 33.951,33.951 c 7.309,7.299 7.309,19.149 0,26.45 l -79.901,79.899 c -7.3,7.311 -19.149,7.311 -26.449,0 l -20.221,-20.219 c -32.819,-32.811 -41.689,-82.89 -21.089,-124.47 36.65,-73.99 112.07,-187.41 257.37,-258.66 41.71,-20.441 92.02,-11.771 124.86,21.069 l 20.68,20.681 c 7.309,7.299 7.309,19.149 0,26.46 l -79.901,79.889 c -7.3,7.311 -19.149,7.311 -26.449,0 l -33.95,-33.95 c -9.771,-9.769 -25.2,-12.019 -36.851,-4.58 -12.603,8.055 -24.698,16.822 -36.228,26.25\" style=\"fill:none;stroke:currentColor;stroke-width:20;stroke-linecap:round;stroke-linejoin:round;stroke-miterlimit:10;stroke-dasharray:none;stroke-opacity:1\" id=\"path3140\"><\/path>        <\/g>      <\/g>    <\/g>  <\/g><\/svg><\/div><\/div>\n                <div class=\"text-wrap\">\n                    <div class=\"desc\">+49 208 82 43 717<\/div>                <\/div>\n            <\/div>\n\n            <div class=\"bg-static\"><\/div>        <\/div>\n        \t\t\t\t<\/div>\n\t\t\t\t<\/div>\n\t\t\t\t\t<\/div>\n\t\t<\/div>\n\t\t\t\t\t<\/div>\n\t\t<\/section>\n\t\t\t\t\t<\/div>\n\t\t<\/div>\n\t\t\t\t<div class=\"elementor-column elementor-col-50 elementor-top-column elementor-element elementor-element-ed4a626\" data-id=\"ed4a626\" data-element_type=\"column\" data-e-type=\"column\">\n\t\t\t<div class=\"elementor-widget-wrap elementor-element-populated\">\n\t\t\t\t\t\t<div class=\"elementor-element elementor-element-21c093c elementor-widget elementor-widget-image\" data-id=\"21c093c\" data-element_type=\"widget\" data-e-type=\"widget\" data-widget_type=\"image.default\">\n\t\t\t\t<div class=\"elementor-widget-container\">\n\t\t\t\t\t\t\t\t\t\t\t\t\t\t\t<img fetchpriority=\"high\" decoding=\"async\" width=\"1200\" height=\"900\" src=\"https:\/\/montingmontaza.com\/wp-content\/uploads\/2025\/03\/4-3.webp\" class=\"attachment-full size-full wp-image-6693\" alt=\"\" srcset=\"https:\/\/montingmontaza.com\/wp-content\/uploads\/2025\/03\/4-3.webp 1200w, https:\/\/montingmontaza.com\/wp-content\/uploads\/2025\/03\/4-3-300x225.webp 300w, https:\/\/montingmontaza.com\/wp-content\/uploads\/2025\/03\/4-3-1024x768.webp 1024w, https:\/\/montingmontaza.com\/wp-content\/uploads\/2025\/03\/4-3-768x576.webp 768w\" sizes=\"(max-width: 1200px) 100vw, 1200px\" \/>\t\t\t\t\t\t\t\t\t\t\t\t\t\t\t<\/div>\n\t\t\t\t<\/div>\n\t\t\t\t<div class=\"elementor-element elementor-element-213cadd elementor-widget elementor-widget-heading\" data-id=\"213cadd\" data-element_type=\"widget\" data-e-type=\"widget\" data-widget_type=\"heading.default\">\n\t\t\t\t<div class=\"elementor-widget-container\">\n\t\t\t\t\t<h2 class=\"elementor-heading-title elementor-size-default\">Trockenbau &amp; Ausbau\n<\/h2>\t\t\t\t<\/div>\n\t\t\t\t<\/div>\n\t\t\t\t<div class=\"elementor-element elementor-element-a43ccf4 elementor-widget elementor-widget-text-editor\" data-id=\"a43ccf4\" data-element_type=\"widget\" data-e-type=\"widget\" data-widget_type=\"text-editor.default\">\n\t\t\t\t<div class=\"elementor-widget-container\">\n\t\t\t\t\t\t\t\t\t<p>Unser Team von hochqualifizierten Fachleuten ist auf die Implementierung von Trockenbausystemen spezialisiert, die langlebige und flexible L\u00f6sungen bieten, um die Anforderungen verschiedener Einrichtungen zu erf\u00fcllen, darunter B\u00fcror\u00e4ume, Einzelhandelseinrichtungen, Hotels, Schulen und Krankenh\u00e4user. Unsere L\u00f6sung ist immer darauf zugeschnitten, ein optimales \u00e4sthetisches Erscheinungsbild zu erzielen, die Energieeffizienz zu erh\u00f6hen und einen komfortablen Raum zu schaffen. <\/p>\n<p><strong>Eine breite Palette von Dienstleistungen<\/strong><br>Unser Angebot umfasst:<\/p>\n<ul>\n<li>Herstellung von Trennw\u00e4nden und abgeh\u00e4ngten Decken aus Gipskartonplatten<\/li>\n<li>Installation von W\u00e4rmed\u00e4mmung und Akustikschichten zur Steigerung der Energieeffizienz und des Schallschutzes<\/li>\n<li>Montage von dekorativen Wand- und Deckenpaneelen f\u00fcr die Innenraummodernisierung<\/li>\n<li>Ausbauarbeiten wie Spachteln, Streichen und Veredeln des Raumes<\/li>\n<\/ul>\n<p><strong>Ma\u00dfgeschneiderte L\u00f6sungen f\u00fcr jeden Raum<\/strong><br>Unsere Experten planen und f\u00fchren alle Phasen des Projekts, von der Analyse \u00fcber die Beratung bis hin zur Umsetzung, sorgf\u00e4ltig und unter Einhaltung der Fristen durch. Unabh\u00e4ngig von der Komplexit\u00e4t oder den spezifischen Anforderungen des Projekts f\u00fchren wir jede Aufgabe nach den h\u00f6chsten Anspr\u00fcchen an Qualit\u00e4t und Funktionalit\u00e4t aus. <\/p>\n<p><\/p>\n<p><strong>Qualit\u00e4t und Sicherheit stehen an erster Stelle.<\/strong><br>Alle unsere Arbeiten werden nach den geltenden Standards und Normen unter Verwendung hochwertiger Materialien von renommierten Herstellern ausgef\u00fchrt. Unser Ziel ist es, die Langlebigkeit und Zuverl\u00e4ssigkeit aller Installationen zu gew\u00e4hrleisten und unseren Kunden Ruhe und Sicherheit bei der langfristigen Nutzung des Raums zu bieten. <\/p>\n<p><\/p>\n<p>Monting Monta\u017ea ist Ihr zuverl\u00e4ssiger Partner f\u00fcr Trockenbau- und Ausbauarbeiten und garantiert Professionalit\u00e4t, Pr\u00e4zision und Spitzenergebnisse bei jedem Projekt.<\/p>\n<p><\/p>\n<p><strong>Die Bedeutung des Trockenbaus und der Vorteil?<\/strong><\/p>\n<p>Trockenbausysteme sind extrem stabil und langlebig, wenn hochwertige Materialien verwendet und korrekt eingebaut werden. Gipskartonw\u00e4nde und -decken halten dem t\u00e4glichen Gebrauch stand und k\u00f6nnen bei richtiger Verarbeitung auch f\u00fcr zus\u00e4tzliche Funktionen wie das Platzieren von Regalen, Fernsehern und anderen schwereren Elementen verwendet werden. <\/p>\n<p><strong>&nbsp;<\/strong><span style=\"font-size: 16px; color: var(--e-global-color-congin_text);\"><b>Vorteile von Metalldecken?<br><\/b><\/span><span style=\"font-size: 16px; color: var(--e-global-color-congin_text);\">Metalldecken erzielen neben der \u00e4sthetischen Wirkung auch den Effekt des Schutzes und die M\u00f6glichkeit, Heiz- und K\u00fchlsysteme zu installieren.<\/span><\/p>\t\t\t\t\t\t\t\t<\/div>\n\t\t\t\t<\/div>\n\t\t\t\t<div class=\"elementor-element elementor-element-990a7c3 elementor-widget elementor-widget-spacer\" data-id=\"990a7c3\" data-element_type=\"widget\" data-e-type=\"widget\" data-widget_type=\"spacer.default\">\n\t\t\t\t<div class=\"elementor-widget-container\">\n\t\t\t\t\t\t\t<div class=\"elementor-spacer\">\n\t\t\t<div class=\"elementor-spacer-inner\"><\/div>\n\t\t<\/div>\n\t\t\t\t\t\t<\/div>\n\t\t\t\t<\/div>\n\t\t\t\t<div class=\"elementor-element elementor-element-1d5dfc4 elementor-widget elementor-widget-gallery\" data-id=\"1d5dfc4\" data-element_type=\"widget\" data-e-type=\"widget\" data-settings=\"{&quot;lazyload&quot;:&quot;yes&quot;,&quot;gallery_layout&quot;:&quot;grid&quot;,&quot;columns&quot;:4,&quot;columns_tablet&quot;:2,&quot;columns_mobile&quot;:1,&quot;gap&quot;:{&quot;unit&quot;:&quot;px&quot;,&quot;size&quot;:10,&quot;sizes&quot;:[]},&quot;gap_tablet&quot;:{&quot;unit&quot;:&quot;px&quot;,&quot;size&quot;:10,&quot;sizes&quot;:[]},&quot;gap_mobile&quot;:{&quot;unit&quot;:&quot;px&quot;,&quot;size&quot;:10,&quot;sizes&quot;:[]},&quot;link_to&quot;:&quot;file&quot;,&quot;aspect_ratio&quot;:&quot;3:2&quot;,&quot;overlay_background&quot;:&quot;yes&quot;,&quot;content_hover_animation&quot;:&quot;fade-in&quot;}\" data-widget_type=\"gallery.default\">\n\t\t\t\t<div class=\"elementor-widget-container\">\n\t\t\t\t\t\t\t<div class=\"elementor-gallery__container\">\n\t\t\t\t\t\t\t<a class=\"e-gallery-item elementor-gallery-item elementor-animated-content\" href=\"https:\/\/montingmontaza.com\/wp-content\/uploads\/2025\/03\/1-1.webp\">\n\t\t\t\t\t<div class=\"e-gallery-image elementor-gallery-item__image\" data-thumbnail=\"https:\/\/montingmontaza.com\/wp-content\/uploads\/2025\/03\/1-1-300x225.webp\" data-width=\"300\" data-height=\"225\" aria-label=\"\" role=\"img\" ><\/div>\n\t\t\t\t\t\t\t\t\t\t\t<div class=\"elementor-gallery-item__overlay\"><\/div>\n\t\t\t\t\t\t\t\t\t\t\t\t\t\t<\/a>\n\t\t\t\t\t\t\t<a class=\"e-gallery-item elementor-gallery-item elementor-animated-content\" href=\"https:\/\/montingmontaza.com\/wp-content\/uploads\/2025\/03\/4-3.webp\">\n\t\t\t\t\t<div class=\"e-gallery-image elementor-gallery-item__image\" data-thumbnail=\"https:\/\/montingmontaza.com\/wp-content\/uploads\/2025\/03\/4-3-300x225.webp\" data-width=\"300\" data-height=\"225\" aria-label=\"\" role=\"img\" ><\/div>\n\t\t\t\t\t\t\t\t\t\t\t<div class=\"elementor-gallery-item__overlay\"><\/div>\n\t\t\t\t\t\t\t\t\t\t\t\t\t\t<\/a>\n\t\t\t\t\t\t\t<a class=\"e-gallery-item elementor-gallery-item elementor-animated-content\" href=\"https:\/\/montingmontaza.com\/wp-content\/uploads\/2024\/12\/20241205_111431-copy.webp\">\n\t\t\t\t\t<div class=\"e-gallery-image elementor-gallery-item__image\" data-thumbnail=\"https:\/\/montingmontaza.com\/wp-content\/uploads\/2024\/12\/20241205_111431-copy-300x211.webp\" data-width=\"300\" data-height=\"211\" aria-label=\"\" role=\"img\" ><\/div>\n\t\t\t\t\t\t\t\t\t\t\t<div class=\"elementor-gallery-item__overlay\"><\/div>\n\t\t\t\t\t\t\t\t\t\t\t\t\t\t<\/a>\n\t\t\t\t\t\t\t<a class=\"e-gallery-item elementor-gallery-item elementor-animated-content\" href=\"https:\/\/montingmontaza.com\/wp-content\/uploads\/2024\/12\/20241205_112046.jpg\">\n\t\t\t\t\t<div class=\"e-gallery-image elementor-gallery-item__image\" data-thumbnail=\"https:\/\/montingmontaza.com\/wp-content\/uploads\/2024\/12\/20241205_112046-300x225.jpg\" data-width=\"300\" data-height=\"225\" aria-label=\"\" role=\"img\" ><\/div>\n\t\t\t\t\t\t\t\t\t\t\t<div class=\"elementor-gallery-item__overlay\"><\/div>\n\t\t\t\t\t\t\t\t\t\t\t\t\t\t<\/a>\n\t\t\t\t\t\t\t<a class=\"e-gallery-item elementor-gallery-item elementor-animated-content\" href=\"https:\/\/montingmontaza.com\/wp-content\/uploads\/2024\/12\/20241205_112349.jpg\">\n\t\t\t\t\t<div class=\"e-gallery-image elementor-gallery-item__image\" data-thumbnail=\"https:\/\/montingmontaza.com\/wp-content\/uploads\/2024\/12\/20241205_112349-300x225.jpg\" data-width=\"300\" data-height=\"225\" aria-label=\"\" role=\"img\" ><\/div>\n\t\t\t\t\t\t\t\t\t\t\t<div class=\"elementor-gallery-item__overlay\"><\/div>\n\t\t\t\t\t\t\t\t\t\t\t\t\t\t<\/a>\n\t\t\t\t\t\t\t<a class=\"e-gallery-item elementor-gallery-item elementor-animated-content\" href=\"https:\/\/montingmontaza.com\/wp-content\/uploads\/2025\/03\/5-1.webp\">\n\t\t\t\t\t<div class=\"e-gallery-image elementor-gallery-item__image\" data-thumbnail=\"https:\/\/montingmontaza.com\/wp-content\/uploads\/2025\/03\/5-1-300x225.webp\" data-width=\"300\" data-height=\"225\" aria-label=\"\" role=\"img\" ><\/div>\n\t\t\t\t\t\t\t\t\t\t\t<div class=\"elementor-gallery-item__overlay\"><\/div>\n\t\t\t\t\t\t\t\t\t\t\t\t\t\t<\/a>\n\t\t\t\t\t\t\t<a class=\"e-gallery-item elementor-gallery-item elementor-animated-content\" href=\"https:\/\/montingmontaza.com\/wp-content\/uploads\/2024\/12\/20241205_112557.jpg\">\n\t\t\t\t\t<div class=\"e-gallery-image elementor-gallery-item__image\" data-thumbnail=\"https:\/\/montingmontaza.com\/wp-content\/uploads\/2024\/12\/20241205_112557-300x225.jpg\" data-width=\"300\" data-height=\"225\" aria-label=\"\" role=\"img\" ><\/div>\n\t\t\t\t\t\t\t\t\t\t\t<div class=\"elementor-gallery-item__overlay\"><\/div>\n\t\t\t\t\t\t\t\t\t\t\t\t\t\t<\/a>\n\t\t\t\t\t\t\t<a class=\"e-gallery-item elementor-gallery-item elementor-animated-content\" href=\"https:\/\/montingmontaza.com\/wp-content\/uploads\/2024\/12\/20241205_112500.jpg\">\n\t\t\t\t\t<div class=\"e-gallery-image elementor-gallery-item__image\" data-thumbnail=\"https:\/\/montingmontaza.com\/wp-content\/uploads\/2024\/12\/20241205_112500-300x225.jpg\" data-width=\"300\" data-height=\"225\" aria-label=\"\" role=\"img\" ><\/div>\n\t\t\t\t\t\t\t\t\t\t\t<div class=\"elementor-gallery-item__overlay\"><\/div>\n\t\t\t\t\t\t\t\t\t\t\t\t\t\t<\/a>\n\t\t\t\t\t\t\t<a class=\"e-gallery-item elementor-gallery-item elementor-animated-content\" href=\"https:\/\/montingmontaza.com\/wp-content\/uploads\/2025\/03\/12-3.webp\">\n\t\t\t\t\t<div class=\"e-gallery-image elementor-gallery-item__image\" data-thumbnail=\"https:\/\/montingmontaza.com\/wp-content\/uploads\/2025\/03\/12-3-300x225.webp\" data-width=\"300\" data-height=\"225\" aria-label=\"\" role=\"img\" ><\/div>\n\t\t\t\t\t\t\t\t\t\t\t<div class=\"elementor-gallery-item__overlay\"><\/div>\n\t\t\t\t\t\t\t\t\t\t\t\t\t\t<\/a>\n\t\t\t\t\t\t\t<a class=\"e-gallery-item elementor-gallery-item elementor-animated-content\" href=\"https:\/\/montingmontaza.com\/wp-content\/uploads\/2025\/03\/11-2.webp\">\n\t\t\t\t\t<div class=\"e-gallery-image elementor-gallery-item__image\" data-thumbnail=\"https:\/\/montingmontaza.com\/wp-content\/uploads\/2025\/03\/11-2-300x225.webp\" data-width=\"300\" data-height=\"225\" aria-label=\"\" role=\"img\" ><\/div>\n\t\t\t\t\t\t\t\t\t\t\t<div class=\"elementor-gallery-item__overlay\"><\/div>\n\t\t\t\t\t\t\t\t\t\t\t\t\t\t<\/a>\n\t\t\t\t\t<\/div>\n\t\t\t\t\t<\/div>\n\t\t\t\t<\/div>\n\t\t\t\t\t<\/div>\n\t\t<\/div>\n\t\t\t\t\t<\/div>\n\t\t<\/section>\n\t\t\t\t<\/div>\n\t\t\n    <div class=\"xs_social_share_widget xs_share_url after_content \t\tmain_content  wslu-style-1 wslu-share-box-shaped wslu-fill-colored wslu-none wslu-share-horizontal wslu-theme-font-no wslu-main_content\">\n\n\t\t\n        <ul>\n\t\t\t        <\/ul>\n    <\/div> \n","protected":false},"excerpt":{"rendered":"<p>Trockenbau Stahlkonstruktionen Elektromontage W\u00e4rmeisolierungsarbeiten Trockenbau Preuzmite Bro\u0161uru 3.9KB Kontaktieren Sie uns f\u00fcr jede L\u00f6sung +49 208 82 43 717 Trockenbau &amp; Ausbau Unser Team von hochqualifizierten Fachleuten ist auf die Implementierung von Trockenbausystemen spezialisiert, die langlebige und flexible L\u00f6sungen bieten, um die Anforderungen verschiedener Einrichtungen zu erf\u00fcllen, darunter B\u00fcror\u00e4ume, Einzelhandelseinrichtungen,<\/p>\n","protected":false},"author":1,"featured_media":0,"parent":0,"menu_order":0,"comment_status":"closed","ping_status":"closed","template":"","meta":{"footnotes":""},"class_list":["post-7330","page","type-page","status-publish","hentry"],"_links":{"self":[{"href":"https:\/\/montingmontaza.com\/de\/index.php\/wp-json\/wp\/v2\/pages\/7330","targetHints":{"allow":["GET"]}}],"collection":[{"href":"https:\/\/montingmontaza.com\/de\/index.php\/wp-json\/wp\/v2\/pages"}],"about":[{"href":"https:\/\/montingmontaza.com\/de\/index.php\/wp-json\/wp\/v2\/types\/page"}],"author":[{"embeddable":true,"href":"https:\/\/montingmontaza.com\/de\/index.php\/wp-json\/wp\/v2\/users\/1"}],"replies":[{"embeddable":true,"href":"https:\/\/montingmontaza.com\/de\/index.php\/wp-json\/wp\/v2\/comments?post=7330"}],"version-history":[{"count":26,"href":"https:\/\/montingmontaza.com\/de\/index.php\/wp-json\/wp\/v2\/pages\/7330\/revisions"}],"predecessor-version":[{"id":7765,"href":"https:\/\/montingmontaza.com\/de\/index.php\/wp-json\/wp\/v2\/pages\/7330\/revisions\/7765"}],"wp:attachment":[{"href":"https:\/\/montingmontaza.com\/de\/index.php\/wp-json\/wp\/v2\/media?parent=7330"}],"curies":[{"name":"wp","href":"https:\/\/api.w.org\/{rel}","templated":true}]}}