{"id":6901,"date":"2024-11-01T09:01:01","date_gmt":"2024-11-01T09:01:01","guid":{"rendered":"https:\/\/montingmontaza.com\/index.php\/impressum\/"},"modified":"2025-06-04T15:56:11","modified_gmt":"2025-06-04T15:56:11","slug":"impressum","status":"publish","type":"page","link":"https:\/\/montingmontaza.com\/de\/index.php\/impressum\/","title":{"rendered":"Impressum"},"content":{"rendered":"\t\t<div data-elementor-type=\"wp-page\" data-elementor-id=\"6901\" class=\"elementor elementor-6901 elementor-4875\" data-elementor-post-type=\"page\">\n\t\t\t\t<div class=\"elementor-element elementor-element-77ad522 e-flex e-con-boxed e-con e-parent\" data-id=\"77ad522\" data-element_type=\"container\" data-e-type=\"container\">\n\t\t\t\t\t<div class=\"e-con-inner\">\n\t\t\t\t<div class=\"elementor-element elementor-element-739a01d elementor-widget elementor-widget-text-editor\" data-id=\"739a01d\" data-element_type=\"widget\" data-e-type=\"widget\" data-widget_type=\"text-editor.default\">\n\t\t\t\t<div class=\"elementor-widget-container\">\n\t\t\t\t\t\t\t\t\t<h2><b>IMPRESSUM<\/b><\/h2><p>Die Handelsgesellschaft Monting Monta\u017ea wurde im Gerichtsregister des Bezirkshandelsgerichts in Bijeljina unter der Nummer 059-0-Reg-24-000 717, 1996 eingetragen. Jahr. Monting Monting ist eine Gesellschaft mit beschr\u00e4nkter Haftung.<\/p><p><strong>MONTING MONTA\u017dA doo<br><\/strong> Pavlovica-Stra\u00dfe 41A<br> 76300 BIJELJINA<br> Telefon: +387 55 201 245<br> E-Mail: <a href=\"mailto:office@montingmontaza.com\">office@montingmontaza.com<\/a><br> <a href=\"http:\/\/www.montingmontaza.com\">www.montingmontaza.com<\/a><br> Vertreter: Stefan Albijanic<br> MBS: 1-4471<br> Registrierungsnummer: 01784811<br> MwSt.: 400417450001, ID: 4400417450001<\/p><p><strong>Gesch\u00e4ftseinheit Bundesrepublik Deutschland<\/strong><\/p><p>MONTAGE MONTAGE<br> Markstra\u00dfe 15-17<br> 46045 Oberhausen<br> Telefon. +49 208 82 43 717<br><a href=\"mailto:Monting.montaza@gmx.de\">Monting.montaza@gmx.de<\/a><br> Vertreter: Milan Vujadinovi\u0107<\/p><p><strong>Datenschutz<br><\/strong> <a href=\"https:\/\/montingmontaza.com\/index.php\/politika-privatnosti\/\"><strong style=\"font-size: 16px;\">Zur Datenschutzerkl\u00e4rung<\/strong><\/a><\/p><p><b>Copyright<br><\/b><span style=\"font-size: 16px;\">Die auf diesen Seiten enthaltenen Daten (Texte, Bilder und sonstige Dateien) unterliegen dem Urheberrecht. Alle Rechte, insbesondere das Recht der Vervielf\u00e4ltigung, Wiedergabe und Verbreitung (auch teilweise), bleiben vorbehalten.<\/span><\/p>\t\t\t\t\t\t\t\t<\/div>\n\t\t\t\t<\/div>\n\t\t\t\t\t<\/div>\n\t\t\t\t<\/div>\n\t\t\t\t<\/div>\n\t\t\n    <div class=\"xs_social_share_widget xs_share_url after_content \t\tmain_content  wslu-style-1 wslu-share-box-shaped wslu-fill-colored wslu-none wslu-share-horizontal wslu-theme-font-no wslu-main_content\">\n\n\t\t\n        <ul>\n\t\t\t        <\/ul>\n    <\/div> \n","protected":false},"excerpt":{"rendered":"<p>IMPRESSUM Die Handelsgesellschaft Monting Monta\u017ea wurde im Gerichtsregister des Bezirkshandelsgerichts in Bijeljina unter der Nummer 059-0-Reg-24-000 717, 1996 eingetragen. Jahr. Monting Monting ist eine Gesellschaft mit beschr\u00e4nkter Haftung. MONTING MONTA\u017dA doo Pavlovica-Stra\u00dfe 41A 76300 BIJELJINA Telefon: +387 55 201 245 E-Mail: office@montingmontaza.com www.montingmontaza.com Vertreter: Stefan Albijanic MBS: 1-4471 Registrierungsnummer: 01784811<\/p>\n","protected":false},"author":1,"featured_media":0,"parent":0,"menu_order":0,"comment_status":"closed","ping_status":"closed","template":"","meta":{"footnotes":""},"class_list":["post-6901","page","type-page","status-publish","hentry"],"_links":{"self":[{"href":"https:\/\/montingmontaza.com\/de\/index.php\/wp-json\/wp\/v2\/pages\/6901","targetHints":{"allow":["GET"]}}],"collection":[{"href":"https:\/\/montingmontaza.com\/de\/index.php\/wp-json\/wp\/v2\/pages"}],"about":[{"href":"https:\/\/montingmontaza.com\/de\/index.php\/wp-json\/wp\/v2\/types\/page"}],"author":[{"embeddable":true,"href":"https:\/\/montingmontaza.com\/de\/index.php\/wp-json\/wp\/v2\/users\/1"}],"replies":[{"embeddable":true,"href":"https:\/\/montingmontaza.com\/de\/index.php\/wp-json\/wp\/v2\/comments?post=6901"}],"version-history":[{"count":1,"href":"https:\/\/montingmontaza.com\/de\/index.php\/wp-json\/wp\/v2\/pages\/6901\/revisions"}],"predecessor-version":[{"id":6904,"href":"https:\/\/montingmontaza.com\/de\/index.php\/wp-json\/wp\/v2\/pages\/6901\/revisions\/6904"}],"wp:attachment":[{"href":"https:\/\/montingmontaza.com\/de\/index.php\/wp-json\/wp\/v2\/media?parent=6901"}],"curies":[{"name":"wp","href":"https:\/\/api.w.org\/{rel}","templated":true}]}}