{"id":6889,"date":"2025-05-20T22:01:03","date_gmt":"2025-05-20T22:01:03","guid":{"rendered":"https:\/\/montingmontaza.com\/index.php\/nachricht\/"},"modified":"2025-06-09T15:22:34","modified_gmt":"2025-06-09T15:22:34","slug":"nachricht","status":"publish","type":"page","link":"https:\/\/montingmontaza.com\/de\/index.php\/nachricht\/","title":{"rendered":"Nachricht"},"content":{"rendered":"\t\t<div data-elementor-type=\"wp-page\" data-elementor-id=\"6889\" class=\"elementor elementor-6889 elementor-6090\" data-elementor-post-type=\"page\">\n\t\t\t\t<div class=\"elementor-element elementor-element-7e3ed90 e-flex e-con-boxed e-con e-parent\" data-id=\"7e3ed90\" data-element_type=\"container\" data-e-type=\"container\" data-settings=\"{&quot;background_background&quot;:&quot;classic&quot;}\">\n\t\t\t\t\t<div class=\"e-con-inner\">\n\t\t\t\t<div class=\"elementor-element elementor-element-fb44e44 elementor-widget elementor-widget-heading\" data-id=\"fb44e44\" data-element_type=\"widget\" data-e-type=\"widget\" data-widget_type=\"heading.default\">\n\t\t\t\t<div class=\"elementor-widget-container\">\n\t\t\t\t\t<h2 class=\"elementor-heading-title elementor-size-default\">News<\/h2>\t\t\t\t<\/div>\n\t\t\t\t<\/div>\n\t\t\t\t\t<\/div>\n\t\t\t\t<\/div>\n\t\t<div class=\"elementor-element elementor-element-21b4ab9 e-flex e-con-boxed e-con e-parent\" data-id=\"21b4ab9\" data-element_type=\"container\" data-e-type=\"container\">\n\t\t\t\t\t<div class=\"e-con-inner\">\n\t\t\t\t<div class=\"elementor-element elementor-element-10edf61 elementor-grid-3 elementor-grid-tablet-2 elementor-grid-mobile-1 elementor-widget elementor-widget-loop-grid\" data-id=\"10edf61\" data-element_type=\"widget\" data-e-type=\"widget\" data-settings=\"{&quot;template_id&quot;:6915,&quot;_skin&quot;:&quot;post&quot;,&quot;columns&quot;:&quot;3&quot;,&quot;columns_tablet&quot;:&quot;2&quot;,&quot;columns_mobile&quot;:&quot;1&quot;,&quot;edit_handle_selector&quot;:&quot;[data-elementor-type=\\&quot;loop-item\\&quot;]&quot;,&quot;row_gap&quot;:{&quot;unit&quot;:&quot;px&quot;,&quot;size&quot;:&quot;&quot;,&quot;sizes&quot;:[]},&quot;row_gap_tablet&quot;:{&quot;unit&quot;:&quot;px&quot;,&quot;size&quot;:&quot;&quot;,&quot;sizes&quot;:[]},&quot;row_gap_mobile&quot;:{&quot;unit&quot;:&quot;px&quot;,&quot;size&quot;:&quot;&quot;,&quot;sizes&quot;:[]}}\" data-widget_type=\"loop-grid.post\">\n\t\t\t\t<div class=\"elementor-widget-container\">\n\t\t\t\t\t\t\t<div class=\"elementor-loop-container elementor-grid\">\n\t\t<style id=\"loop-dynamic-6915\">.e-loop-item-8126 .elementor-element.elementor-element-62ab06e:not(.elementor-motion-effects-element-type-background), .e-loop-item-8126 .elementor-element.elementor-element-62ab06e > .elementor-motion-effects-container > .elementor-motion-effects-layer{background-image:url(\"https:\/\/montingmontaza.com\/wp-content\/uploads\/2026\/03\/Izmijenjena-naslovna-SLIKA.jpg\");}<\/style><style id=\"loop-6915\">.elementor-6915 .elementor-element.elementor-element-5a5016f{--display:flex;--flex-direction:column;--container-widget-width:100%;--container-widget-height:initial;--container-widget-flex-grow:0;--container-widget-align-self:initial;--flex-wrap-mobile:wrap;}.elementor-6915 .elementor-element.elementor-element-62ab06e{--display:flex;--min-height:229px;}.elementor-6915 .elementor-element.elementor-element-62ab06e:not(.elementor-motion-effects-element-type-background), .elementor-6915 .elementor-element.elementor-element-62ab06e > .elementor-motion-effects-container > .elementor-motion-effects-layer{background-position:center center;background-repeat:no-repeat;background-size:cover;}.elementor-6915 .elementor-element.elementor-element-0edf18f{--display:flex;}.elementor-6915 .elementor-element.elementor-element-e57518e .elementor-heading-title{font-family:\"Roboto\", Sans-serif;font-size:20px;font-weight:700;text-transform:uppercase;line-height:22px;}<\/style>\t\t<div data-elementor-type=\"loop-item\" data-elementor-id=\"6915\" class=\"elementor elementor-6915 elementor-6092 e-loop-item e-loop-item-8126 post-8126 post type-post status-publish format-standard has-post-thumbnail hentry category-nicht-kategorisiert\" data-elementor-post-type=\"elementor_library\" data-custom-edit-handle=\"1\">\n\t\t\t<div class=\"elementor-element elementor-element-5a5016f e-flex e-con-boxed e-con e-parent\" data-id=\"5a5016f\" data-element_type=\"container\" data-e-type=\"container\">\n\t\t\t\t\t<div class=\"e-con-inner\">\n\t\t<div class=\"elementor-element elementor-element-62ab06e e-con-full e-flex e-con e-child\" data-id=\"62ab06e\" data-element_type=\"container\" data-e-type=\"container\" data-settings=\"{&quot;background_background&quot;:&quot;classic&quot;}\">\n\t\t\t\t<\/div>\n\t\t<div class=\"elementor-element elementor-element-0edf18f e-con-full e-flex e-con e-child\" data-id=\"0edf18f\" data-element_type=\"container\" data-e-type=\"container\">\n\t\t\t\t<div class=\"elementor-element elementor-element-e57518e elementor-widget elementor-widget-theme-post-title elementor-page-title elementor-widget-heading\" data-id=\"e57518e\" data-element_type=\"widget\" data-e-type=\"widget\" data-widget_type=\"theme-post-title.default\">\n\t\t\t\t<div class=\"elementor-widget-container\">\n\t\t\t\t\t<h1 class=\"elementor-heading-title elementor-size-default\"><a href=\"https:\/\/montingmontaza.com\/de\/index.php\/2026\/03\/20\/bau-des-kulturzentrums-monheim-am-rhine-theater\/\">Bau des Kulturzentrums, Monheim am Rhine \u2013 Theater<\/a><\/h1>\t\t\t\t<\/div>\n\t\t\t\t<\/div>\n\t\t\t\t<\/div>\n\t\t\t\t\t<\/div>\n\t\t\t\t<\/div>\n\t\t\t\t<\/div>\n\t\t<style id=\"loop-dynamic-6915\">.e-loop-item-8130 .elementor-element.elementor-element-62ab06e:not(.elementor-motion-effects-element-type-background), .e-loop-item-8130 .elementor-element.elementor-element-62ab06e > .elementor-motion-effects-container > .elementor-motion-effects-layer{background-image:url(\"https:\/\/montingmontaza.com\/wp-content\/uploads\/2026\/03\/1-3-scaled.jpg\");}<\/style>\t\t<div data-elementor-type=\"loop-item\" data-elementor-id=\"6915\" class=\"elementor elementor-6915 elementor-6092 e-loop-item e-loop-item-8130 post-8130 post type-post status-publish format-standard has-post-thumbnail hentry category-nicht-kategorisiert\" data-elementor-post-type=\"elementor_library\" data-custom-edit-handle=\"1\">\n\t\t\t<div class=\"elementor-element elementor-element-5a5016f e-flex e-con-boxed e-con e-parent\" data-id=\"5a5016f\" data-element_type=\"container\" data-e-type=\"container\">\n\t\t\t\t\t<div class=\"e-con-inner\">\n\t\t<div class=\"elementor-element elementor-element-62ab06e e-con-full e-flex e-con e-child\" data-id=\"62ab06e\" data-element_type=\"container\" data-e-type=\"container\" data-settings=\"{&quot;background_background&quot;:&quot;classic&quot;}\">\n\t\t\t\t<\/div>\n\t\t<div class=\"elementor-element elementor-element-0edf18f e-con-full e-flex e-con e-child\" data-id=\"0edf18f\" data-element_type=\"container\" data-e-type=\"container\">\n\t\t\t\t<div class=\"elementor-element elementor-element-e57518e elementor-widget elementor-widget-theme-post-title elementor-page-title elementor-widget-heading\" data-id=\"e57518e\" data-element_type=\"widget\" data-e-type=\"widget\" data-widget_type=\"theme-post-title.default\">\n\t\t\t\t<div class=\"elementor-widget-container\">\n\t\t\t\t\t<h1 class=\"elementor-heading-title elementor-size-default\"><a href=\"https:\/\/montingmontaza.com\/de\/index.php\/2026\/03\/20\/fortsetzung-der-arbeiten-am-neuen-zuckerlagersilo-nordstemmen-silo-5\/\">Fortsetzung der Arbeiten am neuen Zuckerlagersilo \u2013 Nordstemmen Silo 5.<\/a><\/h1>\t\t\t\t<\/div>\n\t\t\t\t<\/div>\n\t\t\t\t<\/div>\n\t\t\t\t\t<\/div>\n\t\t\t\t<\/div>\n\t\t\t\t<\/div>\n\t\t<style id=\"loop-dynamic-6915\">.e-loop-item-8122 .elementor-element.elementor-element-62ab06e:not(.elementor-motion-effects-element-type-background), .e-loop-item-8122 .elementor-element.elementor-element-62ab06e > .elementor-motion-effects-container > .elementor-motion-effects-layer{background-image:url(\"https:\/\/montingmontaza.com\/wp-content\/uploads\/2026\/03\/20260203_093425-1-scaled.jpg\");}<\/style>\t\t<div data-elementor-type=\"loop-item\" data-elementor-id=\"6915\" class=\"elementor elementor-6915 elementor-6092 e-loop-item e-loop-item-8122 post-8122 post type-post status-publish format-standard has-post-thumbnail hentry category-nicht-kategorisiert\" data-elementor-post-type=\"elementor_library\" data-custom-edit-handle=\"1\">\n\t\t\t<div class=\"elementor-element elementor-element-5a5016f e-flex e-con-boxed e-con e-parent\" data-id=\"5a5016f\" data-element_type=\"container\" data-e-type=\"container\">\n\t\t\t\t\t<div class=\"e-con-inner\">\n\t\t<div class=\"elementor-element elementor-element-62ab06e e-con-full e-flex e-con e-child\" data-id=\"62ab06e\" data-element_type=\"container\" data-e-type=\"container\" data-settings=\"{&quot;background_background&quot;:&quot;classic&quot;}\">\n\t\t\t\t<\/div>\n\t\t<div class=\"elementor-element elementor-element-0edf18f e-con-full e-flex e-con e-child\" data-id=\"0edf18f\" data-element_type=\"container\" data-e-type=\"container\">\n\t\t\t\t<div class=\"elementor-element elementor-element-e57518e elementor-widget elementor-widget-theme-post-title elementor-page-title elementor-widget-heading\" data-id=\"e57518e\" data-element_type=\"widget\" data-e-type=\"widget\" data-widget_type=\"theme-post-title.default\">\n\t\t\t\t<div class=\"elementor-widget-container\">\n\t\t\t\t\t<h1 class=\"elementor-heading-title elementor-size-default\"><a href=\"https:\/\/montingmontaza.com\/de\/index.php\/2026\/03\/20\/trv-buschhaus-bueddenstedt-modernisierung-der-rauchgasbehandlungssysteme\/\">TRV Buschhaus, B\u00fcddenstedt \u2013 Modernisierung der Rauchgasbehandlungssysteme<\/a><\/h1>\t\t\t\t<\/div>\n\t\t\t\t<\/div>\n\t\t\t\t<\/div>\n\t\t\t\t\t<\/div>\n\t\t\t\t<\/div>\n\t\t\t\t<\/div>\n\t\t<style id=\"loop-dynamic-6915\">.e-loop-item-8116 .elementor-element.elementor-element-62ab06e:not(.elementor-motion-effects-element-type-background), .e-loop-item-8116 .elementor-element.elementor-element-62ab06e > .elementor-motion-effects-container > .elementor-motion-effects-layer{background-image:url(\"https:\/\/montingmontaza.com\/wp-content\/uploads\/2026\/03\/1-1-copy.avif\");}<\/style>\t\t<div data-elementor-type=\"loop-item\" data-elementor-id=\"6915\" class=\"elementor elementor-6915 elementor-6092 e-loop-item e-loop-item-8116 post-8116 post type-post status-publish format-standard has-post-thumbnail hentry category-nicht-kategorisiert\" data-elementor-post-type=\"elementor_library\" data-custom-edit-handle=\"1\">\n\t\t\t<div class=\"elementor-element elementor-element-5a5016f e-flex e-con-boxed e-con e-parent\" data-id=\"5a5016f\" data-element_type=\"container\" data-e-type=\"container\">\n\t\t\t\t\t<div class=\"e-con-inner\">\n\t\t<div class=\"elementor-element elementor-element-62ab06e e-con-full e-flex e-con e-child\" data-id=\"62ab06e\" data-element_type=\"container\" data-e-type=\"container\" data-settings=\"{&quot;background_background&quot;:&quot;classic&quot;}\">\n\t\t\t\t<\/div>\n\t\t<div class=\"elementor-element elementor-element-0edf18f e-con-full e-flex e-con e-child\" data-id=\"0edf18f\" data-element_type=\"container\" data-e-type=\"container\">\n\t\t\t\t<div class=\"elementor-element elementor-element-e57518e elementor-widget elementor-widget-theme-post-title elementor-page-title elementor-widget-heading\" data-id=\"e57518e\" data-element_type=\"widget\" data-e-type=\"widget\" data-widget_type=\"theme-post-title.default\">\n\t\t\t\t<div class=\"elementor-widget-container\">\n\t\t\t\t\t<h1 class=\"elementor-heading-title elementor-size-default\"><a href=\"https:\/\/montingmontaza.com\/de\/index.php\/2025\/12\/25\/feier-des-dreissigjaehrigen-jubilaeums\/\">Feier des drei\u00dfigj\u00e4hrigen Jubil\u00e4ums<\/a><\/h1>\t\t\t\t<\/div>\n\t\t\t\t<\/div>\n\t\t\t\t<\/div>\n\t\t\t\t\t<\/div>\n\t\t\t\t<\/div>\n\t\t\t\t<\/div>\n\t\t<style id=\"loop-dynamic-6915\">.e-loop-item-6975 .elementor-element.elementor-element-62ab06e:not(.elementor-motion-effects-element-type-background), .e-loop-item-6975 .elementor-element.elementor-element-62ab06e > .elementor-motion-effects-container > .elementor-motion-effects-layer{background-image:url(\"https:\/\/montingmontaza.com\/wp-content\/uploads\/2025\/04\/NASLOVNA.webp\");}<\/style>\t\t<div data-elementor-type=\"loop-item\" data-elementor-id=\"6915\" class=\"elementor elementor-6915 elementor-6092 e-loop-item e-loop-item-6975 post-6975 post type-post status-publish format-standard has-post-thumbnail hentry category-nicht-kategorisiert category-news tag-arbeiten tag-fabrik tag-industriell\" data-elementor-post-type=\"elementor_library\" data-custom-edit-handle=\"1\">\n\t\t\t<div class=\"elementor-element elementor-element-5a5016f e-flex e-con-boxed e-con e-parent\" data-id=\"5a5016f\" data-element_type=\"container\" data-e-type=\"container\">\n\t\t\t\t\t<div class=\"e-con-inner\">\n\t\t<div class=\"elementor-element elementor-element-62ab06e e-con-full e-flex e-con e-child\" data-id=\"62ab06e\" data-element_type=\"container\" data-e-type=\"container\" data-settings=\"{&quot;background_background&quot;:&quot;classic&quot;}\">\n\t\t\t\t<\/div>\n\t\t<div class=\"elementor-element elementor-element-0edf18f e-con-full e-flex e-con e-child\" data-id=\"0edf18f\" data-element_type=\"container\" data-e-type=\"container\">\n\t\t\t\t<div class=\"elementor-element elementor-element-e57518e elementor-widget elementor-widget-theme-post-title elementor-page-title elementor-widget-heading\" data-id=\"e57518e\" data-element_type=\"widget\" data-e-type=\"widget\" data-widget_type=\"theme-post-title.default\">\n\t\t\t\t<div class=\"elementor-widget-container\">\n\t\t\t\t\t<h1 class=\"elementor-heading-title elementor-size-default\"><a href=\"https:\/\/montingmontaza.com\/de\/index.php\/2025\/04\/04\/waermedaemmung-von-rohrleitungen-mercedes-benz-campus-in-stuttgart\/\">W\u00e4rmed\u00e4mmung von Rohrleitungen &#8211; Mercedes-Benz Campus in Stuttgart<\/a><\/h1>\t\t\t\t<\/div>\n\t\t\t\t<\/div>\n\t\t\t\t<div class=\"elementor-element elementor-element-685fbd4 elementor-widget elementor-widget-theme-post-excerpt\" data-id=\"685fbd4\" data-element_type=\"widget\" data-e-type=\"widget\" data-widget_type=\"theme-post-excerpt.default\">\n\t\t\t\t<div class=\"elementor-widget-container\">\n\t\t\t\t\tEs handelt sich um ein gro\u00dfes Infrastrukturprojekt, das erhebliche Investitionen in die W\u00e4rmed\u00e4mmung und Modernisierung des W\u00e4rmekraftwerks umfasst.\t\t\t\t<\/div>\n\t\t\t\t<\/div>\n\t\t\t\t<\/div>\n\t\t\t\t\t<\/div>\n\t\t\t\t<\/div>\n\t\t\t\t<\/div>\n\t\t<style id=\"loop-dynamic-6915\">.e-loop-item-6957 .elementor-element.elementor-element-62ab06e:not(.elementor-motion-effects-element-type-background), .e-loop-item-6957 .elementor-element.elementor-element-62ab06e > .elementor-motion-effects-container > .elementor-motion-effects-layer{background-image:url(\"https:\/\/montingmontaza.com\/wp-content\/uploads\/2025\/03\/1-Silos-5-e1743173212916.jpg\");}<\/style>\t\t<div data-elementor-type=\"loop-item\" data-elementor-id=\"6915\" class=\"elementor elementor-6915 elementor-6092 e-loop-item e-loop-item-6957 post-6957 post type-post status-publish format-standard has-post-thumbnail hentry category-nicht-kategorisiert category-news tag-erfahrung tag-fabrik\" data-elementor-post-type=\"elementor_library\" data-custom-edit-handle=\"1\">\n\t\t\t<div class=\"elementor-element elementor-element-5a5016f e-flex e-con-boxed e-con e-parent\" data-id=\"5a5016f\" data-element_type=\"container\" data-e-type=\"container\">\n\t\t\t\t\t<div class=\"e-con-inner\">\n\t\t<div class=\"elementor-element elementor-element-62ab06e e-con-full e-flex e-con e-child\" data-id=\"62ab06e\" data-element_type=\"container\" data-e-type=\"container\" data-settings=\"{&quot;background_background&quot;:&quot;classic&quot;}\">\n\t\t\t\t<\/div>\n\t\t<div class=\"elementor-element elementor-element-0edf18f e-con-full e-flex e-con e-child\" data-id=\"0edf18f\" data-element_type=\"container\" data-e-type=\"container\">\n\t\t\t\t<div class=\"elementor-element elementor-element-e57518e elementor-widget elementor-widget-theme-post-title elementor-page-title elementor-widget-heading\" data-id=\"e57518e\" data-element_type=\"widget\" data-e-type=\"widget\" data-widget_type=\"theme-post-title.default\">\n\t\t\t\t<div class=\"elementor-widget-container\">\n\t\t\t\t\t<h1 class=\"elementor-heading-title elementor-size-default\"><a href=\"https:\/\/montingmontaza.com\/de\/index.php\/2025\/03\/28\/neuer-zuckerlagersilo-nordstemmen-silo-5\/\">Neuer Zuckerlagersilo &#8211; Nordstemmen Silo 5<\/a><\/h1>\t\t\t\t<\/div>\n\t\t\t\t<\/div>\n\t\t\t\t<div class=\"elementor-element elementor-element-685fbd4 elementor-widget elementor-widget-theme-post-excerpt\" data-id=\"685fbd4\" data-element_type=\"widget\" data-e-type=\"widget\" data-widget_type=\"theme-post-excerpt.default\">\n\t\t\t\t<div class=\"elementor-widget-container\">\n\t\t\t\t\tInnerhalb des Werkes Nordstemmen wurde ein neuer Zuckerlagersilo mit einem Innendurchmesser von 56 m und einer H\u00f6he von ca. 53,50 m errichtet.\t\t\t\t<\/div>\n\t\t\t\t<\/div>\n\t\t\t\t<\/div>\n\t\t\t\t\t<\/div>\n\t\t\t\t<\/div>\n\t\t\t\t<\/div>\n\t\t\t\t<\/div>\n\t\t\n\t\t\t\t\t\t<\/div>\n\t\t\t\t<\/div>\n\t\t\t\t\t<\/div>\n\t\t\t\t<\/div>\n\t\t\t\t<\/div>\n\t\t\n    <div class=\"xs_social_share_widget xs_share_url after_content \t\tmain_content  wslu-style-1 wslu-share-box-shaped wslu-fill-colored wslu-none wslu-share-horizontal wslu-theme-font-no wslu-main_content\">\n\n\t\t\n        <ul>\n\t\t\t        <\/ul>\n    <\/div> \n","protected":false},"excerpt":{"rendered":"<p>News<\/p>\n","protected":false},"author":1,"featured_media":0,"parent":0,"menu_order":0,"comment_status":"closed","ping_status":"closed","template":"","meta":{"footnotes":""},"class_list":["post-6889","page","type-page","status-publish","hentry"],"_links":{"self":[{"href":"https:\/\/montingmontaza.com\/de\/index.php\/wp-json\/wp\/v2\/pages\/6889","targetHints":{"allow":["GET"]}}],"collection":[{"href":"https:\/\/montingmontaza.com\/de\/index.php\/wp-json\/wp\/v2\/pages"}],"about":[{"href":"https:\/\/montingmontaza.com\/de\/index.php\/wp-json\/wp\/v2\/types\/page"}],"author":[{"embeddable":true,"href":"https:\/\/montingmontaza.com\/de\/index.php\/wp-json\/wp\/v2\/users\/1"}],"replies":[{"embeddable":true,"href":"https:\/\/montingmontaza.com\/de\/index.php\/wp-json\/wp\/v2\/comments?post=6889"}],"version-history":[{"count":7,"href":"https:\/\/montingmontaza.com\/de\/index.php\/wp-json\/wp\/v2\/pages\/6889\/revisions"}],"predecessor-version":[{"id":7745,"href":"https:\/\/montingmontaza.com\/de\/index.php\/wp-json\/wp\/v2\/pages\/6889\/revisions\/7745"}],"wp:attachment":[{"href":"https:\/\/montingmontaza.com\/de\/index.php\/wp-json\/wp\/v2\/media?parent=6889"}],"curies":[{"name":"wp","href":"https:\/\/api.w.org\/{rel}","templated":true}]}}